{"id":3333,"date":"2020-05-22T11:36:11","date_gmt":"2020-05-22T11:36:11","guid":{"rendered":"https:\/\/www.rankingroad.com\/?page_id=3333"},"modified":"2022-03-22T14:59:26","modified_gmt":"2022-03-22T14:59:26","slug":"google-ads-uk","status":"publish","type":"page","link":"https:\/\/www.rankingroad.com\/it\/paid-advertising\/google-ads-uk\/","title":{"rendered":"GOOGLE ADS UK"},"content":{"rendered":"<div id='av_section_1'  class='avia-section main_color avia-section-default avia-no-border-styling  avia-bg-style-scroll  avia-builder-el-0  el_before_av_section  avia-builder-el-first   container_wrap sidebar_right' style='background-color: #008aa9;  '  ><div class='av-section-color-overlay-wrap'><a href='#next-section' title='' class='scroll-down-link '  aria-hidden='true' data-av_icon='\ue877' data-av_iconfont='entypo-fontello'><\/a><div class='container' ><main  role=\"main\" itemprop=\"mainContentOfPage\"  class='template-page content  av-content-small alpha units'><div class='post-entry post-entry-type-page post-entry-3333'><div class='entry-content-wrapper clearfix'>\n<div  class='avia-image-container avia_animated_image avia_animate_when_almost_visible bottom-to-top av-styling-    avia-builder-el-1  avia-builder-el-no-sibling  avia-align-center '  itemprop=\"image\" itemscope=\"itemscope\" itemtype=\"https:\/\/schema.org\/ImageObject\"  ><div class='avia-image-container-inner'><div class='avia-image-overlay-wrap'><img decoding=\"async\" class='wp-image-1226 avia-img-lazy-loading-not-1226 avia_image' src=\"https:\/\/www.rankingroad.com\/wp-content\/uploads\/2018\/04\/ADWORDS-1.png\" alt='campagne pay per click' title='ADWORDS' height=\"317\" width=\"900\"  itemprop=\"thumbnailUrl\"  \/><\/div><\/div><\/div>\n\n<\/div><\/div><\/main><!-- close content main element --><\/div><\/div><\/div><div id='av_section_2'  class='avia-section main_color avia-section-no-padding avia-no-border-styling  avia-bg-style-scroll  avia-builder-el-2  el_after_av_section  el_before_av_section   container_wrap sidebar_right' style='background-color: #ff5252; background-repeat: no-repeat; background-image: url(https:\/\/www.rankingroad.com\/wp-content\/uploads\/2018\/04\/BG_ELEMENT_CTA-1.png);background-attachment: scroll; background-position: bottom center;  '  data-section-bg-repeat='no-repeat'><div class='container' ><div class='template-page content  av-content-small alpha units'><div class='post-entry post-entry-type-page post-entry-3333'><div class='entry-content-wrapper clearfix'>\n<div class='flex_column_table av-equal-height-column-flextable -flextable' ><div class=\"flex_column av_three_fourth  flex_column_table_cell av-equal-height-column av-align-middle av-zero-column-padding first  avia-builder-el-3  el_before_av_one_fourth  avia-builder-el-first  \" style='border-radius:0px; '><p><div  style=' margin-top:2px; margin-bottom:5px;'  class='hr hr-custom hr-left hr-icon-no   avia-builder-el-4  el_before_av_textblock  avia-builder-el-first '><span class='hr-inner  inner-border-av-border-fat' style=' width:0px; border-color:#ffffff;' ><span class='hr-inner-style'><\/span><\/span><\/div><br \/>\n<section class=\"av_textblock_section \"  itemscope=\"itemscope\" itemtype=\"https:\/\/schema.org\/CreativeWork\" ><div class='avia_textblock  av_inherit_color '  style='color:#ffffff; '  itemprop=\"text\" ><h6><strong>COMINCIA ORA LA TUA STRATEGIA DI EXPORT DIGITALE<br \/>\n<\/strong><\/h6>\n<\/div><\/section><br \/>\n<section class=\"av_textblock_section \"  itemscope=\"itemscope\" itemtype=\"https:\/\/schema.org\/CreativeWork\" ><div class='avia_textblock  av_inherit_color '  style='font-size:23px; color:#ffffff; '  itemprop=\"text\" ><p><em>Contattaci subito per una prima consulenza gratuita<br \/>\n<\/em><\/p>\n<\/div><\/section><\/p><\/div><div class='av-flex-placeholder'><\/div><div class=\"flex_column av_one_fourth  flex_column_table_cell av-equal-height-column av-align-middle av-zero-column-padding   avia-builder-el-7  el_after_av_three_fourth  avia-builder-el-last  \" style='border-radius:0px; '><div  class='avia-button-wrap avia-button-left  avia-builder-el-8  avia-builder-el-no-sibling ' ><a href='https:\/\/www.rankingroad.com\/it\/contatti\/'  class='avia-button   avia-icon_select-no avia-size-large avia-position-left '  style='background-color:#ffffff; border-color:#ffffff; color:#333333; ' ><span class='avia_iconbox_title' >CONTATTACI SUBITO<\/span><\/a><\/div><\/div><\/div><!--close column table wrapper. Autoclose: 1 -->\n\n<\/div><\/div><\/div><!-- close content main div --><\/div><\/div><div id='av_section_3'  class='avia-section main_color avia-section-default avia-no-border-styling  avia-bg-style-scroll  avia-builder-el-9  el_after_av_section  el_before_av_section   container_wrap sidebar_right' style='background-color: #222222;  '  ><div class='container' ><div class='template-page content  av-content-small alpha units'><div class='post-entry post-entry-type-page post-entry-3333'><div class='entry-content-wrapper clearfix'>\n<div class='flex_column_table av-equal-height-column-flextable -flextable' ><div class=\"flex_column av_one_full  av-animated-generic pop-up  flex_column_table_cell av-equal-height-column av-align-middle first  avia-builder-el-10  avia-builder-el-no-sibling  \" style='padding:30px; border-radius:0px; '><section class=\"av_textblock_section \"  itemscope=\"itemscope\" itemtype=\"https:\/\/schema.org\/CreativeWork\" ><div class='avia_textblock  av_inherit_color '  style='color:#ffffff; '  itemprop=\"text\" ><h1 style=\"text-align: center; font-size: 36px;\"><strong>GOOGLE ADS UK<\/strong><\/h1>\n<\/div><\/section><br \/>\n<section class=\"av_textblock_section \"  itemscope=\"itemscope\" itemtype=\"https:\/\/schema.org\/CreativeWork\" ><div class='avia_textblock  av_inherit_color '  style='color:#ffffff; '  itemprop=\"text\" ><p>Ti piacerebbe aumentare la tua visibilit\u00e0 online anche fuori dai confini italiani? Pensi che il mercato inglese sia l\u2019ideale per poter far crescere il tuo business ma non sai da dove cominciare?<\/p>\n<p>Google Ads \u00e8 sicuramente lo strumento che fa per te.<\/p>\n<\/div><\/section><\/p><\/div><\/div><!--close column table wrapper. Autoclose: 1 --><\/div><\/div><\/div><!-- close content main div --><\/div><\/div><div id='av_section_4'  class='avia-section main_color avia-section-default avia-no-border-styling  avia-bg-style-scroll  avia-builder-el-13  el_after_av_section  el_before_av_section   container_wrap sidebar_right' style='background-color: #008aa9;  '  ><div class='container' ><div class='template-page content  av-content-small alpha units'><div class='post-entry post-entry-type-page post-entry-3333'><div class='entry-content-wrapper clearfix'>\n<div class='flex_column_table av-equal-height-column-flextable -flextable' ><div class=\"flex_column av_one_full  av-animated-generic pop-up  flex_column_table_cell av-equal-height-column av-align-middle first  avia-builder-el-14  avia-builder-el-no-sibling  \" style='padding:30px; border-radius:0px; '><section class=\"av_textblock_section \"  itemscope=\"itemscope\" itemtype=\"https:\/\/schema.org\/CreativeWork\" ><div class='avia_textblock  av_inherit_color '  style='color:#ffffff; '  itemprop=\"text\" ><p>Con Google Ads puoi aumentare la tua visibilit\u00e0 online anche nel Regno Unito attraverso le campagne di paid advertising che ti porteranno ai primi posti dei risultati di ricerca Google. E con la visibilit\u00e0 aumentano di conseguenza anche le vendite e quindi i profitti che derivano dal tuo business.<\/p>\n<p>Essere presenti nei primi posti di Google \u00e8 tanto importante quanto difficile. Google Ads \u00e8 indispensabile per fare business online, ma non basta avere un budget a disposizione per ottenere risultati e non \u00e8 cos\u00ec scontato che aziende e professionisti siano in grado di utilizzare questo strumento in modo da sfruttarlo al meglio. Se sei tra questi \u00e8 perch\u00e9 probabilmente non hai ancora incontrato il giusto partner sul tuo cammino.<\/p>\n<p>Ranking Road UK ti d\u00e0 la possibilit\u00e0 di pianificare il tuo marketing online attraverso la gestione di campagne Google Ads mirate verso il tuo pubblico di riferimento. Con noi potrai farti notare nel Regno Unito e:<\/p>\n<ul>\n<li>vendere direttamente i tuoi prodotti tramite le campagne shopping,<\/li>\n<li>generare nuovi contatti tramite campagne di ricerca sulle keywords d\u2019interesse (lead generation),<\/li>\n<li>aumentare la tua brand awareness con le campagne sulla rete display che comprendono siti vari e app di propriet\u00e0 di Google come Gmail e YouTube.<\/li>\n<\/ul>\n<\/div><\/section><\/div><\/div><!--close column table wrapper. Autoclose: 1 -->\n<\/p>\n<\/div><\/div><\/div><!-- close content main div --><\/div><\/div><div id='av_section_5'  class='avia-section main_color avia-section-default avia-no-border-styling  avia-bg-style-scroll  avia-builder-el-16  el_after_av_section  el_before_av_section   container_wrap sidebar_right' style='background-color: #ffffff;  '  ><div class='container' ><div class='template-page content  av-content-small alpha units'><div class='post-entry post-entry-type-page post-entry-3333'><div class='entry-content-wrapper clearfix'>\n<div class=\"flex_column av_one_full  flex_column_div av-zero-column-padding first  avia-builder-el-17  el_before_av_one_full  avia-builder-el-first  \" style='border-radius:0px; '><section class=\"av_textblock_section \"  itemscope=\"itemscope\" itemtype=\"https:\/\/schema.org\/CreativeWork\" ><div class='avia_textblock  av_inherit_color '  style='color:#000000; '  itemprop=\"text\" ><h2 class=\"p1\" style=\"text-align: center;\">Come creare una campagna Google Ads in UK?<\/h2>\n<\/div><\/section><\/div><div class='flex_column_table av-equal-height-column-flextable -flextable' ><div class=\"flex_column av_one_full  av-animated-generic pop-up  flex_column_table_cell av-equal-height-column av-align-middle first  avia-builder-el-19  el_after_av_one_full  el_before_av_hr  column-top-margin\" style='padding:30px; border-radius:0px; '><section class=\"av_textblock_section \"  itemscope=\"itemscope\" itemtype=\"https:\/\/schema.org\/CreativeWork\" ><div class='avia_textblock  av_inherit_color '  style='color:#222222; '  itemprop=\"text\" ><p>Fare paid adv tramite Google Ads ti d\u00e0 la possibilit\u00e0 non solo di raggiungere quel pubblico che gi\u00e0 ti conosce e cerca risposte su internet, ma anche, e soprattutto, quegli utenti che ancora non conoscono il tuo e-commerce e i tuoi prodotti. Per conquistare questi ultimi \u00e8 necessario impostare un funnel di Google Ads, ovvero quel percorso con il quale il venditore accompagna l\u2019utente a finalizzare l\u2019acquisto.<\/p>\n<p>Gli annunci di Google Ads fungono, infatti, come una risposta diretta alle richieste che gli utenti fanno attraverso la ricerca Google. Ecco perch\u00e9 \u00e8 fondamentale saper mettere in atto una campagna efficiente.<\/p>\n<p>Ranking Road UK \u00e8 il partner ideale per progettare strategie di marketing online capace di portare pi\u00f9 profitti al tuo business. Per impostare correttamente una campagna Google Ads, Ranking Road UK ti aiuter\u00e0 a determinare tutti quei fattori che andranno a influire sulla capacit\u00e0 dei tuoi annunci di portare conversioni.<\/p>\n<p>L\u2019approccio G-Local che ci contraddistingue, ti permette di poter fare affidamento su professionisti di Search Engine Marketing presenti fisicamente a Londra e le cui conoscenze non si limitano alla lingua inglese, ma comprendono anche la perfetta conoscenza del mercato, delle abitudini degli utenti e delle loro richieste. Questo fa si che gli annunci risulteranno fortemente pertinenti per Google, che li far\u00e0 apparire nei primissimi posti.<\/p>\n<p>Il team di professionisti di Ranking Road UK sar\u00e0 coordinato da un international account manager a te dedicato, e si occuper\u00e0 di:<\/p>\n<ul>\n<li>Analizzare i competitors, le keywords d\u2019interesse, le previsioni di spesa per l\u2019identificazione di un budget ottimale e la previsione di performance.<\/li>\n<li>Strutturare le campagne rispettando i criteri di qualit\u00e0 di Google che comprende: la ripartizione del budget tra le keyword, la creazione di annunci e le realizzazioni di grafiche.<\/li>\n<li>Monitorare.<\/li>\n<li>Ottimizzare analizzando i dati forniti direttamente da Google.<\/li>\n<\/ul>\n<p>Per garantire il miglior servizio e i migliori risultati, noi di Ranking Road forniamo report di andamento periodici e siamo sempre a disposizione per rispondere alle tue esigenze.<\/p>\n<\/div><\/section><\/div><\/div><!--close column table wrapper. Autoclose: 1 --><div  style=' margin-top:10px; margin-bottom:10px;'  class='hr hr-custom hr-left hr-icon-no   avia-builder-el-21  el_after_av_one_full  el_before_av_textblock '><span class='hr-inner  inner-border-av-border-fat' style=' width:0px; border-color:#ffffff;' ><span class='hr-inner-style'><\/span><\/span><\/div>\n<section class=\"av_textblock_section \"  itemscope=\"itemscope\" itemtype=\"https:\/\/schema.org\/CreativeWork\" ><div class='avia_textblock  av_inherit_color '  style='color:#000000; '  itemprop=\"text\" ><h3 style=\"text-align: center;\">Realizziamo campagne Google Adwords in tutti i principali paesi europei:<br \/>\n<span style=\"color: #008aa9;\">Regno Unito, Germania, Francia, Svizzera, Spagna, Italia, Belgio, Olande e Polonia.<\/span><\/h3>\n<\/div><\/section>\n<\/div><\/div><\/div><!-- close content main div --><\/div><\/div><div id='av_section_6'  class='avia-section main_color avia-section-default avia-no-border-styling  avia-bg-style-scroll  avia-builder-el-23  el_after_av_section  avia-builder-el-last   container_wrap sidebar_right' style='background-color: #000000; background-repeat: no-repeat; background-image: url(https:\/\/www.rankingroad.com\/wp-content\/uploads\/2018\/02\/BG_PNG_WHITE.png);background-attachment: scroll; background-position: bottom left;  '  data-section-bg-repeat='no-repeat'><div class='container' ><div class='template-page content  av-content-small alpha units'><div class='post-entry post-entry-type-page post-entry-3333'><div class='entry-content-wrapper clearfix'>\n<div class=\"flex_column av_one_full  flex_column_div av-zero-column-padding first  avia-builder-el-24  el_before_av_one_half  avia-builder-el-first  \" style='border-radius:0px; '><section class=\"av_textblock_section \"  itemscope=\"itemscope\" itemtype=\"https:\/\/schema.org\/CreativeWork\" ><div class='avia_textblock  av_inherit_color '  style='color:#ffffff; '  itemprop=\"text\" ><p><a name=\"page-contact-form\"><\/a><\/p>\n<p class=\"p1\" style=\"text-align: center;\"><span class=\"s1\"><b>CONTATTACI<\/b><\/span><\/p>\n<\/div><\/section><\/div><div class=\"flex_column av_one_half  flex_column_div av-zero-column-padding first  avia-builder-el-26  el_after_av_one_full  el_before_av_one_half  column-top-margin\" style='border-radius:0px; '><section class=\"av_textblock_section \"  itemscope=\"itemscope\" itemtype=\"https:\/\/schema.org\/CreativeWork\" ><div class='avia_textblock  av_inherit_color '  style='color:#ffffff; '  itemprop=\"text\" ><h3 class=\"p1\" style=\"text-align: left;\">COMINCIA SUBITO LA TUA CRESCITA DIGITALE INTERNAZIONALE!<\/h3>\n<\/div><\/section><br \/>\n<div  style=' margin-top:20px; margin-bottom:20px;'  class='hr hr-custom hr-left hr-icon-no   avia-builder-el-28  el_after_av_textblock  el_before_av_textblock '><span class='hr-inner  inner-border-av-border-thin' style=' width:100%; border-color:#ffffff;' ><span class='hr-inner-style'><\/span><\/span><\/div><br \/>\n<section class=\"av_textblock_section \"  itemscope=\"itemscope\" itemtype=\"https:\/\/schema.org\/CreativeWork\" ><div class='avia_textblock  av_inherit_color '  style='color:#ffffff; '  itemprop=\"text\" ><p>Per iniziare la tua crescita digitale internazionale contattaci e chiedi un primo colloquio di consulenza gratuito con il nostro esperto.<\/p>\n<\/div><\/section><\/p><\/div><div class=\"flex_column av_one_half  flex_column_div av-zero-column-padding   avia-builder-el-30  el_after_av_one_half  avia-builder-el-last  column-top-margin\" style='border-radius:0px; '><section class=\"av_textblock_section \"  itemscope=\"itemscope\" itemtype=\"https:\/\/schema.org\/CreativeWork\" ><div class='avia_textblock  '   itemprop=\"text\" ><p style=\"text-align: center;\">\n<div class=\"wpcf7 no-js\" id=\"wpcf7-f3102-o1\" lang=\"it-IT\" dir=\"ltr\">\n<div class=\"screen-reader-response\"><p role=\"status\" aria-live=\"polite\" aria-atomic=\"true\"><\/p> <ul><\/ul><\/div>\n<form action=\"\/it\/wp-json\/wp\/v2\/pages\/3333#wpcf7-f3102-o1\" method=\"post\" class=\"wpcf7-form init\" aria-label=\"Modulo di contatto\" novalidate=\"novalidate\" data-status=\"init\">\n<div style=\"display: none;\">\n<input type=\"hidden\" name=\"_wpcf7\" value=\"3102\" \/>\n<input type=\"hidden\" name=\"_wpcf7_version\" value=\"5.8\" \/>\n<input type=\"hidden\" name=\"_wpcf7_locale\" value=\"it_IT\" \/>\n<input type=\"hidden\" name=\"_wpcf7_unit_tag\" value=\"wpcf7-f3102-o1\" \/>\n<input type=\"hidden\" name=\"_wpcf7_container_post\" value=\"0\" \/>\n<input type=\"hidden\" name=\"_wpcf7_posted_data_hash\" value=\"\" \/>\n<\/div>\n<p class=\"label-fields\">Nome\n<\/p>\n<p><label><span class=\"wpcf7-form-control-wrap\" data-name=\"your-name\"><input size=\"40\" class=\"wpcf7-form-control wpcf7-text wpcf7-validates-as-required\" aria-required=\"true\" aria-invalid=\"false\" value=\"\" type=\"text\" name=\"your-name\" \/><\/span><\/label>\n<\/p>\n<p class=\"label-fields\">Email\n<\/p>\n<p><label><span class=\"wpcf7-form-control-wrap\" data-name=\"your-email\"><input size=\"40\" class=\"wpcf7-form-control wpcf7-email wpcf7-validates-as-required wpcf7-text wpcf7-validates-as-email\" aria-required=\"true\" aria-invalid=\"false\" value=\"\" type=\"email\" name=\"your-email\" \/><\/span><\/label>\n<\/p>\n<p class=\"label-fields\">Messaggio\n<\/p>\n<p><label><span class=\"wpcf7-form-control-wrap\" data-name=\"your-message\"><textarea cols=\"40\" rows=\"3\" class=\"wpcf7-form-control wpcf7-textarea wpcf7-validates-as-required\" aria-required=\"true\" aria-invalid=\"false\" name=\"your-message\"><\/textarea><\/span><\/label>\n<\/p>\n<p class=\"label-fields\"><span class=\"wpcf7-form-control-wrap\" data-name=\"acceptance-782\"><span class=\"wpcf7-form-control wpcf7-acceptance\"><span class=\"wpcf7-list-item\"><input type=\"checkbox\" name=\"acceptance-782\" value=\"1\" aria-invalid=\"false\" \/><\/span><\/span><\/span><span style=\"color:#ffffff;\">Confermo di aver preso visione della<\/span><a href=\"https:\/\/www.rankingroad.com\/privacy-policy\/\">Privacy Policy<\/a>\n<\/p>\n<p style=\"margin-top:20px;\"><input class=\"wpcf7-form-control wpcf7-submit has-spinner\" type=\"submit\" value=\"INVIA LA TUA RICHIESTA\" \/>\n<\/p><div class=\"wpcf7-response-output\" aria-hidden=\"true\"><\/div>\n<\/form>\n<\/div>\n<\/p>\n<\/div><\/section><\/div><\/div><\/div><\/div><!-- close content main div --><\/div><\/div><div id='after_section_6'  class='main_color av_default_container_wrap container_wrap sidebar_right' style=' '  ><div class='container' ><div class='template-page content  av-content-small alpha units'><div class='post-entry post-entry-type-page post-entry-3333'><div class='entry-content-wrapper clearfix'><\/p>\n","protected":false},"excerpt":{"rendered":"","protected":false},"author":1,"featured_media":0,"parent":2069,"menu_order":50,"comment_status":"closed","ping_status":"closed","template":"","meta":{"_mi_skip_tracking":false,"_monsterinsights_sitenote_active":false,"_monsterinsights_sitenote_note":"","_monsterinsights_sitenote_category":0},"_links":{"self":[{"href":"https:\/\/www.rankingroad.com\/it\/wp-json\/wp\/v2\/pages\/3333"}],"collection":[{"href":"https:\/\/www.rankingroad.com\/it\/wp-json\/wp\/v2\/pages"}],"about":[{"href":"https:\/\/www.rankingroad.com\/it\/wp-json\/wp\/v2\/types\/page"}],"author":[{"embeddable":true,"href":"https:\/\/www.rankingroad.com\/it\/wp-json\/wp\/v2\/users\/1"}],"replies":[{"embeddable":true,"href":"https:\/\/www.rankingroad.com\/it\/wp-json\/wp\/v2\/comments?post=3333"}],"version-history":[{"count":0,"href":"https:\/\/www.rankingroad.com\/it\/wp-json\/wp\/v2\/pages\/3333\/revisions"}],"up":[{"embeddable":true,"href":"https:\/\/www.rankingroad.com\/it\/wp-json\/wp\/v2\/pages\/2069"}],"wp:attachment":[{"href":"https:\/\/www.rankingroad.com\/it\/wp-json\/wp\/v2\/media?parent=3333"}],"curies":[{"name":"wp","href":"https:\/\/api.w.org\/{rel}","templated":true}]}}