{"id":2069,"date":"2018-05-15T10:38:06","date_gmt":"2018-05-15T10:38:06","guid":{"rendered":"https:\/\/www.rankingroad.com\/?page_id=2069"},"modified":"2023-06-08T08:37:44","modified_gmt":"2023-06-08T08:37:44","slug":"paid-advertising","status":"publish","type":"page","link":"https:\/\/www.rankingroad.com\/it\/paid-advertising\/","title":{"rendered":"PAID ADVERTISING"},"content":{"rendered":"<div id='av_section_1'  class='avia-section main_color avia-section-default avia-no-border-styling  avia-bg-style-scroll  avia-builder-el-0  el_before_av_section  avia-builder-el-first   container_wrap sidebar_right' style='background-color: #008aa9;  '  ><div class='av-section-color-overlay-wrap'><a href='#next-section' title='' class='scroll-down-link '  aria-hidden='true' data-av_icon='\ue877' data-av_iconfont='entypo-fontello'><\/a><div class='container' ><main  role=\"main\" itemprop=\"mainContentOfPage\"  class='template-page content  av-content-small alpha units'><div class='post-entry post-entry-type-page post-entry-2069'><div class='entry-content-wrapper clearfix'>\n<div class='flex_column_table av-equal-height-column-flextable -flextable' ><div class=\"flex_column av_one_full  av-animated-generic pop-up  flex_column_table_cell av-equal-height-column av-align-top first  avia-builder-el-1  avia-builder-el-no-sibling  \" style='padding:30px; border-radius:0px; '><div  class='avia-image-container avia_animated_image avia_animate_when_almost_visible bottom-to-top av-styling-    avia-builder-el-2  avia-builder-el-no-sibling  avia-align-center '  itemprop=\"image\" itemscope=\"itemscope\" itemtype=\"https:\/\/schema.org\/ImageObject\"  ><div class='avia-image-container-inner'><div class='avia-image-overlay-wrap'><img decoding=\"async\" class='wp-image-1197 avia-img-lazy-loading-not-1197 avia_image' src=\"https:\/\/www.rankingroad.com\/wp-content\/uploads\/2018\/04\/PAID-ADVERTISING-1.png\" alt='campagne sem' title='PAID-ADVERTISING' height=\"317\" width=\"900\"  itemprop=\"thumbnailUrl\"  \/><\/div><\/div><\/div><\/div><\/div><!--close column table wrapper. Autoclose: 1 -->\n\n<\/div><\/div><\/main><!-- close content main element --><\/div><\/div><\/div><div id='av_section_2'  class='avia-section main_color avia-section-no-padding avia-no-border-styling  avia-bg-style-scroll  avia-builder-el-3  el_after_av_section  el_before_av_section   container_wrap sidebar_right' style='background-color: #ff5252; background-repeat: no-repeat; background-image: url(https:\/\/www.rankingroad.com\/wp-content\/uploads\/2018\/04\/BG_ELEMENT_CTA-1.png);background-attachment: scroll; background-position: bottom center;  '  data-section-bg-repeat='no-repeat'><div class='container' ><div class='template-page content  av-content-small alpha units'><div class='post-entry post-entry-type-page post-entry-2069'><div class='entry-content-wrapper clearfix'>\n<div class='flex_column_table av-equal-height-column-flextable -flextable' ><div class=\"flex_column av_three_fourth  flex_column_table_cell av-equal-height-column av-align-middle av-zero-column-padding first  avia-builder-el-4  el_before_av_one_fourth  avia-builder-el-first  \" style='border-radius:0px; '><p><div  style=' margin-top:2px; margin-bottom:5px;'  class='hr hr-custom hr-left hr-icon-no   avia-builder-el-5  el_before_av_textblock  avia-builder-el-first '><span class='hr-inner  inner-border-av-border-fat' style=' width:0px; border-color:#ffffff;' ><span class='hr-inner-style'><\/span><\/span><\/div><br \/>\n<section class=\"av_textblock_section \"  itemscope=\"itemscope\" itemtype=\"https:\/\/schema.org\/CreativeWork\" ><div class='avia_textblock  av_inherit_color '  style='color:#ffffff; '  itemprop=\"text\" ><h6><strong>COMINCIA ORA A FARE PUBBLICITA&#8217;\u00a0 ONLINE<br \/>\n<\/strong><\/h6>\n<\/div><\/section><br \/>\n<section class=\"av_textblock_section \"  itemscope=\"itemscope\" itemtype=\"https:\/\/schema.org\/CreativeWork\" ><div class='avia_textblock  av_inherit_color '  style='font-size:23px; color:#ffffff; '  itemprop=\"text\" ><p><em>Contattaci subito per una prima consulenza gratuita<br \/>\n<\/em><\/p>\n<\/div><\/section><\/p><\/div><div class='av-flex-placeholder'><\/div><div class=\"flex_column av_one_fourth  flex_column_table_cell av-equal-height-column av-align-middle av-zero-column-padding   avia-builder-el-8  el_after_av_three_fourth  avia-builder-el-last  \" style='border-radius:0px; '><div  class='avia-button-wrap avia-button-left  avia-builder-el-9  avia-builder-el-no-sibling ' ><a href='https:\/\/www.rankingroad.com\/it\/contatti\/'  class='avia-button   avia-icon_select-no avia-size-large avia-position-left '  style='background-color:#ffffff; border-color:#ffffff; color:#333333; ' ><span class='avia_iconbox_title' >CONTATTACI SUBITO<\/span><\/a><\/div><\/div><\/div><!--close column table wrapper. Autoclose: 1 -->\n\n<\/div><\/div><\/div><!-- close content main div --><\/div><\/div><div id='av_section_3'  class='avia-section main_color avia-section-default avia-no-border-styling  avia-bg-style-scroll  avia-builder-el-10  el_after_av_section  el_before_av_section   container_wrap sidebar_right' style='background-color: #222222;  '  ><div class='container' ><div class='template-page content  av-content-small alpha units'><div class='post-entry post-entry-type-page post-entry-2069'><div class='entry-content-wrapper clearfix'>\n<div class='flex_column_table av-equal-height-column-flextable -flextable' ><div class=\"flex_column av_one_full  av-animated-generic pop-up  flex_column_table_cell av-equal-height-column av-align-middle first  avia-builder-el-11  el_before_av_one_half  avia-builder-el-first  \" style='padding:30px; border-radius:0px; '><section class=\"av_textblock_section \"  itemscope=\"itemscope\" itemtype=\"https:\/\/schema.org\/CreativeWork\" ><div class='avia_textblock  av_inherit_color '  style='color:#ffffff; '  itemprop=\"text\" ><h1 style=\"text-align: center;\">Fai pubblicit\u00e0 online con il Paid Advertising<\/h1>\n<p style=\"font-size: 22px; text-align: center;\"><strong>Ottieni pi\u00f9 traffico in target sul tuo sito!<\/strong><\/p>\n<\/div><\/section><\/div><\/div><!--close column table wrapper. Autoclose: 1 --><div class='flex_column_table av-equal-height-column-flextable -flextable' ><div class=\"flex_column av_one_half  av-animated-generic pop-up  flex_column_table_cell av-equal-height-column av-align-top first  avia-builder-el-13  el_after_av_one_full  el_before_av_one_half  column-top-margin\" style='padding:30px; border-radius:0px; '><section class=\"av_textblock_section \"  itemscope=\"itemscope\" itemtype=\"https:\/\/schema.org\/CreativeWork\" ><div class='avia_textblock  av_inherit_color '  style='color:#ffffff; '  itemprop=\"text\" ><p>Avere un <strong>traffico sul proprio sito internet fatto di utenti in target<\/strong>, e dunque potenzialmente interessati ai prodotti o ai servizi che si offrono, significa aumentare considerevolmente le possibilit\u00e0 di vendita: per fare ci\u00f2 \u00e8 possibile sfruttare il <strong>paid advertising<\/strong>, strumento imprescindibile delle campagne di web marketing pi\u00f9 efficaci.<\/p>\n<\/div><\/section><\/div><div class='av-flex-placeholder'><\/div><div class=\"flex_column av_one_half  av-animated-generic pop-up  flex_column_table_cell av-equal-height-column av-align-top   avia-builder-el-15  el_after_av_one_half  el_before_av_one_full  column-top-margin\" style='padding:30px; border-radius:0px; '><section class=\"av_textblock_section \"  itemscope=\"itemscope\" itemtype=\"https:\/\/schema.org\/CreativeWork\" ><div class='avia_textblock  av_inherit_color '  style='color:#ffffff; '  itemprop=\"text\" ><p><strong>Ranking Road<\/strong> mette a tua disposizione un\u2019esperienza approfondita in materia di paid advertising, dalle <strong>campagne su <a href=\"https:\/\/www.rankingroad.com\/it\/paid-advertising\/google-adwords\/\">Google Ads<\/a><\/strong> alle <b><a href=\"https:\/\/www.rankingroad.com\/it\/paid-advertising\/facebook-adv\/\">Facebook Ads<\/a>, <\/b>all&#8217;<b><a href=\"https:\/\/www.rankingroad.com\/it\/paid-advertising\/amazon-ppc\/\">Amazon PPC<\/a>.\u00a0<\/b><\/p>\n<p>Sulla base di aspetti quali obiettivi specifici di ciascun cliente, mercati internazionali di riferimento, budget disponibile e analisi dei dati, <strong>pianifichiamo e conduciamo campagne mirate<\/strong> per ottenere <strong>risultati tangibili in tempi brevi<\/strong>.<\/p>\n<\/div><\/section><\/div><\/div><!--close column table wrapper. Autoclose: 1 --><div class='flex_column_table av-equal-height-column-flextable -flextable' ><div class=\"flex_column av_one_full  av-animated-generic pop-up  flex_column_table_cell av-equal-height-column av-align-middle first  avia-builder-el-17  el_after_av_one_half  avia-builder-el-last  column-top-margin\" style='padding:30px; border-radius:0px; '><section class=\"av_textblock_section \"  itemscope=\"itemscope\" itemtype=\"https:\/\/schema.org\/CreativeWork\" ><div class='avia_textblock  av_inherit_color '  style='color:#ffffff; '  itemprop=\"text\" ><p style=\"text-align: center;\">Teniamo costantemente monitorato l\u2019andamento del progetto, attuando ottimizzazioni in corso d\u2019opera allo scopo di <strong>migliorarne costantemente le performance.<\/strong><\/p>\n<p style=\"text-align: center;\">Non aspettare: con Ranking Road, <strong>cogli subito i vantaggi che il paid advertising internazionale ha da offrirti! <\/strong><\/p>\n<\/div><\/section><\/div><\/div><!--close column table wrapper. Autoclose: 1 --><\/div><\/div><\/div><!-- close content main div --><\/div><\/div><div id='av_section_4'  class='avia-section main_color avia-section-default avia-no-border-styling  avia-bg-style-scroll  avia-builder-el-19  el_after_av_section  el_before_av_section   container_wrap sidebar_right' style='background-color: #ffffff;  '  ><div class='container' ><div class='template-page content  av-content-small alpha units'><div class='post-entry post-entry-type-page post-entry-2069'><div class='entry-content-wrapper clearfix'>\n<div class=\"flex_column av_one_full  flex_column_div av-zero-column-padding first  avia-builder-el-20  el_before_av_one_full  avia-builder-el-first  \" style='border-radius:0px; '><section class=\"av_textblock_section \"  itemscope=\"itemscope\" itemtype=\"https:\/\/schema.org\/CreativeWork\" ><div class='avia_textblock  av_inherit_color '  style='color:#000000; '  itemprop=\"text\" ><h2 class=\"p1\" style=\"text-align: center;\">I nostri servizi di paid advertising<\/h2>\n<\/div><\/section><br \/>\n<div  style=' margin-top:10px; margin-bottom:10px;'  class='hr hr-custom hr-left hr-icon-no   avia-builder-el-22  el_after_av_textblock  avia-builder-el-last '><span class='hr-inner  inner-border-av-border-fat' style=' width:0px; border-color:#ffffff;' ><span class='hr-inner-style'><\/span><\/span><\/div><\/p><\/div><div class='flex_column_table av-equal-height-column-flextable -flextable' ><div class=\"flex_column av_one_full  av-animated-generic pop-up  flex_column_table_cell av-equal-height-column av-align-middle first  avia-builder-el-23  el_after_av_one_full  el_before_av_one_third  column-top-margin\" style='padding:30px; border-radius:0px; '><section class=\"av_textblock_section \"  itemscope=\"itemscope\" itemtype=\"https:\/\/schema.org\/CreativeWork\" ><div class='avia_textblock  av_inherit_color '  style='color:#000000; '  itemprop=\"text\" ><p>Una campagna di <strong>advertising a pagamento<\/strong> incisiva e pianificata con cura, sia in termini di <strong>contenuti<\/strong> che di <strong>targetizzazione<\/strong> precisa dei potenziali clienti, rappresenta uno strumento estremamente efficace per beneficiare di <strong>riscontri positivi in termini di vendite<\/strong> e altri indicatori di performance.<\/p>\n<p><strong>L\u2019agenzia web internazionale Ranking Road<\/strong> ti offre questi servizi specializzati:<\/p>\n<\/div><\/section><\/div><\/div><!--close column table wrapper. Autoclose: 1 --><div class='flex_column_table av-equal-height-column-flextable -flextable' ><div class=\"flex_column av_one_third  av-animated-generic pop-up  flex_column_table_cell av-equal-height-column av-align-middle first  avia-builder-el-25  el_after_av_one_full  el_before_av_one_third  column-top-margin\" style='padding:30px; border-radius:0px; '><section class=\"av_textblock_section \"  itemscope=\"itemscope\" itemtype=\"https:\/\/schema.org\/CreativeWork\" ><div class='avia_textblock  av_inherit_color '  style='color:#222222; '  itemprop=\"text\" ><h3><span style=\"color: #008aa9;\">AMAZON PPC<\/span><\/h3>\n<p>Le <strong>campagne pay per click (PPC) su Amazon<\/strong> vantano straordinarie potenzialit\u00e0, poich\u00e9 vanno a intercettare i clienti interessati a un determinato prodotto <strong>inserendosi in modo preciso ed efficace fra i risultati delle loro ricerche<\/strong>.<\/p>\n<\/div><\/section><br \/>\n<div  class='avia-button-wrap avia-button-left  avia-builder-el-27  el_after_av_textblock  avia-builder-el-last ' ><a href='https:\/\/www.rankingroad.com\/it\/paid-advertising\/amazon-ppc\/'  class='avia-button   avia-icon_select-no avia-size-large avia-position-left '  style='background-color:#ff5252; border-color:#ff5252; color:#ffffff; ' ><span class='avia_iconbox_title' >Vai alla pagina<\/span><\/a><\/div><\/p><\/div><div class='av-flex-placeholder'><\/div><div class=\"flex_column av_one_third  av-animated-generic pop-up  flex_column_table_cell av-equal-height-column av-align-middle   avia-builder-el-28  el_after_av_one_third  el_before_av_one_third  column-top-margin\" style='padding:30px; border-radius:0px; '><section class=\"av_textblock_section \"  itemscope=\"itemscope\" itemtype=\"https:\/\/schema.org\/CreativeWork\" ><div class='avia_textblock  av_inherit_color '  style='color:#222222; '  itemprop=\"text\" ><h3><span style=\"color: #008aa9;\">GOOGLE ADS<\/span><\/h3>\n<p>Il paid advertising sui motori di ricerca offre al tuo business <strong>un\u2019elevata visibilit\u00e0<\/strong> agli occhi dei potenziali clienti: con Google Ads, cogli l\u2019occasione di farti notare da un <strong>pubblico assolutamente interessato e in target<\/strong>.<\/p>\n<\/div><\/section><br \/>\n<div  class='avia-button-wrap avia-button-left  avia-builder-el-30  el_after_av_textblock  avia-builder-el-last ' ><a href='https:\/\/www.rankingroad.com\/it\/seo\/'  class='avia-button   avia-icon_select-no avia-size-large avia-position-left '  style='background-color:#ff5252; border-color:#ff5252; color:#ffffff; ' ><span class='avia_iconbox_title' >Vai alla pagina<\/span><\/a><\/div><\/p><\/div><div class='av-flex-placeholder'><\/div><div class=\"flex_column av_one_third  av-animated-generic pop-up  flex_column_table_cell av-equal-height-column av-align-middle   avia-builder-el-31  el_after_av_one_third  avia-builder-el-last  column-top-margin\" style='padding:30px; border-radius:0px; '><section class=\"av_textblock_section \"  itemscope=\"itemscope\" itemtype=\"https:\/\/schema.org\/CreativeWork\" ><div class='avia_textblock  av_inherit_color '  style='color:#222222; '  itemprop=\"text\" ><h3><span style=\"color: #008aa9;\">FACEBOOK ADS<\/span><\/h3>\n<p>Fare <strong>social advertising su Facebook<\/strong> significa raggiungere un\u2019ampia platea di utenti accuratamente selezionati in base ai interessi e parametri demografici: queste campagne mirate perci\u00f2 <strong>\u201cparlano\u201d in modo diretto ai tuoi potenziali clienti.<\/strong><\/p>\n<\/div><\/section><br \/>\n<div  class='avia-button-wrap avia-button-left  avia-builder-el-33  el_after_av_textblock  avia-builder-el-last ' ><a href='https:\/\/www.rankingroad.com\/it\/paid-advertising\/facebook-adv\/'  class='avia-button   avia-icon_select-no avia-size-large avia-position-left '  style='background-color:#ff5252; border-color:#ff5252; color:#ffffff; ' ><span class='avia_iconbox_title' >Vai alla pagina<\/span><\/a><\/div><\/p><\/div><\/div><!--close column table wrapper. Autoclose: 1 -->\n<\/p>\n<\/div><\/div><\/div><!-- close content main div --><\/div><\/div><div id='av_section_5'  class='avia-section main_color avia-section-default avia-no-border-styling  avia-bg-style-scroll  avia-builder-el-34  el_after_av_section  avia-builder-el-last   container_wrap sidebar_right' style='background-color: #000000; background-repeat: no-repeat; background-image: url(https:\/\/www.rankingroad.com\/wp-content\/uploads\/2018\/02\/BG_PNG_WHITE.png);background-attachment: scroll; background-position: bottom left;  '  data-section-bg-repeat='no-repeat'><div class='container' ><div class='template-page content  av-content-small alpha units'><div class='post-entry post-entry-type-page post-entry-2069'><div class='entry-content-wrapper clearfix'>\n<div class=\"flex_column av_one_full  flex_column_div av-zero-column-padding first  avia-builder-el-35  el_before_av_one_half  avia-builder-el-first  \" style='border-radius:0px; '><section class=\"av_textblock_section \"  itemscope=\"itemscope\" itemtype=\"https:\/\/schema.org\/CreativeWork\" ><div class='avia_textblock  av_inherit_color '  style='color:#ffffff; '  itemprop=\"text\" ><p><a name=\"page-contact-form\"><\/a><\/p>\n<p class=\"p1\" style=\"text-align: center; font-size: 22px;\"><span class=\"s1\"><b>CONTATTACI<\/b><\/span><\/p>\n<\/div><\/section><\/div><div class=\"flex_column av_one_half  flex_column_div av-zero-column-padding first  avia-builder-el-37  el_after_av_one_full  el_before_av_one_half  column-top-margin\" style='border-radius:0px; '><section class=\"av_textblock_section \"  itemscope=\"itemscope\" itemtype=\"https:\/\/schema.org\/CreativeWork\" ><div class='avia_textblock  av_inherit_color '  style='color:#ffffff; '  itemprop=\"text\" ><h3 class=\"p1\" style=\"text-align: left;\">COMINCIA SUBITO LA TUA CRESCITA DIGITALE INTERNAZIONALE!<\/h3>\n<\/div><\/section><br \/>\n<div  style=' margin-top:20px; margin-bottom:20px;'  class='hr hr-custom hr-left hr-icon-no   avia-builder-el-39  el_after_av_textblock  el_before_av_textblock '><span class='hr-inner  inner-border-av-border-thin' style=' width:100%; border-color:#ffffff;' ><span class='hr-inner-style'><\/span><\/span><\/div><br \/>\n<section class=\"av_textblock_section \"  itemscope=\"itemscope\" itemtype=\"https:\/\/schema.org\/CreativeWork\" ><div class='avia_textblock  av_inherit_color '  style='color:#ffffff; '  itemprop=\"text\" ><p>Per iniziare la tua crescita digitale internazionale contattaci e chiedi un primo colloquio di consulenza gratuito con il nostro esperto.<\/p>\n<\/div><\/section><\/p><\/div><div class=\"flex_column av_one_half  flex_column_div av-zero-column-padding   avia-builder-el-41  el_after_av_one_half  avia-builder-el-last  column-top-margin\" style='border-radius:0px; '><section class=\"av_textblock_section \"  itemscope=\"itemscope\" itemtype=\"https:\/\/schema.org\/CreativeWork\" ><div class='avia_textblock  '   itemprop=\"text\" ><p style=\"text-align: center;\">\n<div class=\"wpcf7 no-js\" id=\"wpcf7-f3102-o1\" lang=\"it-IT\" dir=\"ltr\">\n<div class=\"screen-reader-response\"><p role=\"status\" aria-live=\"polite\" aria-atomic=\"true\"><\/p> <ul><\/ul><\/div>\n<form action=\"\/it\/wp-json\/wp\/v2\/pages\/2069#wpcf7-f3102-o1\" method=\"post\" class=\"wpcf7-form init\" aria-label=\"Modulo di contatto\" novalidate=\"novalidate\" data-status=\"init\">\n<div style=\"display: none;\">\n<input type=\"hidden\" name=\"_wpcf7\" value=\"3102\" \/>\n<input type=\"hidden\" name=\"_wpcf7_version\" value=\"5.8\" \/>\n<input type=\"hidden\" name=\"_wpcf7_locale\" value=\"it_IT\" \/>\n<input type=\"hidden\" name=\"_wpcf7_unit_tag\" value=\"wpcf7-f3102-o1\" \/>\n<input type=\"hidden\" name=\"_wpcf7_container_post\" value=\"0\" \/>\n<input type=\"hidden\" name=\"_wpcf7_posted_data_hash\" value=\"\" \/>\n<\/div>\n<p class=\"label-fields\">Nome\n<\/p>\n<p><label><span class=\"wpcf7-form-control-wrap\" data-name=\"your-name\"><input size=\"40\" class=\"wpcf7-form-control wpcf7-text wpcf7-validates-as-required\" aria-required=\"true\" aria-invalid=\"false\" value=\"\" type=\"text\" name=\"your-name\" \/><\/span><\/label>\n<\/p>\n<p class=\"label-fields\">Email\n<\/p>\n<p><label><span class=\"wpcf7-form-control-wrap\" data-name=\"your-email\"><input size=\"40\" class=\"wpcf7-form-control wpcf7-email wpcf7-validates-as-required wpcf7-text wpcf7-validates-as-email\" aria-required=\"true\" aria-invalid=\"false\" value=\"\" type=\"email\" name=\"your-email\" \/><\/span><\/label>\n<\/p>\n<p class=\"label-fields\">Messaggio\n<\/p>\n<p><label><span class=\"wpcf7-form-control-wrap\" data-name=\"your-message\"><textarea cols=\"40\" rows=\"3\" class=\"wpcf7-form-control wpcf7-textarea wpcf7-validates-as-required\" aria-required=\"true\" aria-invalid=\"false\" name=\"your-message\"><\/textarea><\/span><\/label>\n<\/p>\n<p class=\"label-fields\"><span class=\"wpcf7-form-control-wrap\" data-name=\"acceptance-782\"><span class=\"wpcf7-form-control wpcf7-acceptance\"><span class=\"wpcf7-list-item\"><input type=\"checkbox\" name=\"acceptance-782\" value=\"1\" aria-invalid=\"false\" \/><\/span><\/span><\/span><span style=\"color:#ffffff;\">Confermo di aver preso visione della<\/span><a href=\"https:\/\/www.rankingroad.com\/privacy-policy\/\">Privacy Policy<\/a>\n<\/p>\n<p style=\"margin-top:20px;\"><input class=\"wpcf7-form-control wpcf7-submit has-spinner\" type=\"submit\" value=\"INVIA LA TUA RICHIESTA\" \/>\n<\/p><div class=\"wpcf7-response-output\" aria-hidden=\"true\"><\/div>\n<\/form>\n<\/div>\n<\/p>\n<\/div><\/section><\/div><\/div><\/div><\/div><!-- close content main div --><\/div><\/div><div id='after_section_5'  class='main_color av_default_container_wrap container_wrap sidebar_right' style=' '  ><div class='container' ><div class='template-page content  av-content-small alpha units'><div class='post-entry post-entry-type-page post-entry-2069'><div class='entry-content-wrapper clearfix'>\n","protected":false},"excerpt":{"rendered":"","protected":false},"author":1,"featured_media":0,"parent":0,"menu_order":20,"comment_status":"closed","ping_status":"closed","template":"","meta":{"_mi_skip_tracking":false,"_monsterinsights_sitenote_active":false,"_monsterinsights_sitenote_note":"","_monsterinsights_sitenote_category":0},"_links":{"self":[{"href":"https:\/\/www.rankingroad.com\/it\/wp-json\/wp\/v2\/pages\/2069"}],"collection":[{"href":"https:\/\/www.rankingroad.com\/it\/wp-json\/wp\/v2\/pages"}],"about":[{"href":"https:\/\/www.rankingroad.com\/it\/wp-json\/wp\/v2\/types\/page"}],"author":[{"embeddable":true,"href":"https:\/\/www.rankingroad.com\/it\/wp-json\/wp\/v2\/users\/1"}],"replies":[{"embeddable":true,"href":"https:\/\/www.rankingroad.com\/it\/wp-json\/wp\/v2\/comments?post=2069"}],"version-history":[{"count":0,"href":"https:\/\/www.rankingroad.com\/it\/wp-json\/wp\/v2\/pages\/2069\/revisions"}],"wp:attachment":[{"href":"https:\/\/www.rankingroad.com\/it\/wp-json\/wp\/v2\/media?parent=2069"}],"curies":[{"name":"wp","href":"https:\/\/api.w.org\/{rel}","templated":true}]}}