{"id":8363,"date":"2022-06-23T09:45:21","date_gmt":"2022-06-23T09:45:21","guid":{"rendered":"https:\/\/www.rankingroad.com\/?page_id=8363"},"modified":"2022-08-24T07:46:58","modified_gmt":"2022-08-24T07:46:58","slug":"agence-google-adwords-internationale-france","status":"publish","type":"page","link":"https:\/\/www.rankingroad.com\/fr\/referencement-payant\/agence-google-adwords-internationale-france\/","title":{"rendered":"Google Ads international"},"content":{"rendered":"<div id='av_section_1'  class='avia-section main_color avia-section-default avia-no-border-styling  avia-bg-style-scroll  avia-builder-el-0  el_before_av_section  avia-builder-el-first   av-minimum-height av-minimum-height-custom  container_wrap sidebar_right' style='background-color: #008aa9;  '  ><div class='av-section-color-overlay-wrap'><a href='#next-section' title='' class='scroll-down-link '  aria-hidden='true' data-av_icon='\ue877' data-av_iconfont='entypo-fontello'><\/a><div class='container' style='height:150px'><main  role=\"main\" itemprop=\"mainContentOfPage\"  class='template-page content  av-content-small alpha units'><div class='post-entry post-entry-type-page post-entry-8363'><div class='entry-content-wrapper clearfix'>\n<div  class='avia-image-container avia_animated_image avia_animate_when_almost_visible bottom-to-top av-styling-    avia-builder-el-1  avia-builder-el-no-sibling  avia-align-center '  itemprop=\"image\" itemscope=\"itemscope\" itemtype=\"https:\/\/schema.org\/ImageObject\"  ><div class='avia-image-container-inner'><div class='avia-image-overlay-wrap'><img class='avia_image' src='https:\/\/www.rankingroad.com\/wp-content\/uploads\/2018\/04\/ADWORDS-1.png' alt='campagne pay per click' title='ADWORDS' height=\"317\" width=\"900\"  itemprop=\"thumbnailUrl\"  \/><\/div><\/div><\/div>\n\n<\/div><\/div><\/main><!-- close content main element --><\/div><\/div><\/div><div id='av_section_2'  class='avia-section main_color avia-section-no-padding avia-no-border-styling  avia-bg-style-scroll  avia-builder-el-2  el_after_av_section  el_before_av_section   container_wrap sidebar_right' style='background-color: #ff5252; background-repeat: no-repeat; background-image: url(https:\/\/www.rankingroad.com\/wp-content\/uploads\/2018\/04\/BG_ELEMENT_CTA-1.png);background-attachment: scroll; background-position: bottom center;  '  data-section-bg-repeat='no-repeat'><div class='container' ><div class='template-page content  av-content-small alpha units'><div class='post-entry post-entry-type-page post-entry-8363'><div class='entry-content-wrapper clearfix'>\n<div class='flex_column_table av-equal-height-column-flextable -flextable' ><div class=\"flex_column av_three_fourth  flex_column_table_cell av-equal-height-column av-align-middle av-zero-column-padding first  avia-builder-el-3  el_before_av_one_fourth  avia-builder-el-first  \" style='border-radius:0px; '><p><div  style=' margin-top:2px; margin-bottom:5px;'  class='hr hr-custom hr-left hr-icon-no   avia-builder-el-4  el_before_av_textblock  avia-builder-el-first '><span class='hr-inner  inner-border-av-border-fat' style=' width:0px; border-color:#ffffff;' ><span class='hr-inner-style'><\/span><\/span><\/div><br \/>\n<section class=\"av_textblock_section \"  itemscope=\"itemscope\" itemtype=\"https:\/\/schema.org\/CreativeWork\" ><div class='avia_textblock  av_inherit_color '  style='color:#ffffff; '  itemprop=\"text\" ><h1>Agence Google Adwords internationale en France<\/h1>\n<\/div><\/section><br \/>\n<section class=\"av_textblock_section \"  itemscope=\"itemscope\" itemtype=\"https:\/\/schema.org\/CreativeWork\" ><div class='avia_textblock  av_inherit_color '  style='font-size:23px; color:#ffffff; '  itemprop=\"text\" ><p><em>Contactez-nous pour un devis gratuit<\/em><\/p>\n<\/div><\/section><\/p><\/div><div class='av-flex-placeholder'><\/div><div class=\"flex_column av_one_fourth  flex_column_table_cell av-equal-height-column av-align-middle av-zero-column-padding   avia-builder-el-7  el_after_av_three_fourth  avia-builder-el-last  \" style='border-radius:0px; '><div  class='avia-button-wrap avia-button-left  avia-builder-el-8  avia-builder-el-no-sibling ' ><a href='#page-contact-form'  class='avia-button   avia-icon_select-no avia-size-large avia-position-left '  style='background-color:#ffffff; border-color:#ffffff; color:#333333; ' ><span class='avia_iconbox_title' >Contactez-nous maintenant<\/span><\/a><\/div><\/div><\/div><!--close column table wrapper. Autoclose: 1 -->\n\n<\/div><\/div><\/div><!-- close content main div --><\/div><\/div><div id='av_section_3'  class='avia-section main_color avia-section-default avia-no-border-styling  avia-bg-style-scroll  avia-builder-el-9  el_after_av_section  el_before_av_section   container_wrap sidebar_right' style='background-color: #222222;  '  ><div class='container' ><div class='template-page content  av-content-small alpha units'><div class='post-entry post-entry-type-page post-entry-8363'><div class='entry-content-wrapper clearfix'>\n<div class='flex_column_table av-equal-height-column-flextable -flextable' ><div class=\"flex_column av_one_full  av-animated-generic pop-up  flex_column_table_cell av-equal-height-column av-align-middle first  avia-builder-el-10  avia-builder-el-no-sibling  \" style='padding:30px; border-radius:0px; '><section class=\"av_textblock_section \"  itemscope=\"itemscope\" itemtype=\"https:\/\/schema.org\/CreativeWork\" ><div class='avia_textblock  av_inherit_color '  style='color:#ffffff; '  itemprop=\"text\" ><h2 style=\"text-align: center;\">Faites-vous accompagner dans la gestion de vos campagnes Google Ads \u00e0 l&rsquo;international<\/h2>\n<\/div><\/section><br \/>\n<section class=\"av_textblock_section \"  itemscope=\"itemscope\" itemtype=\"https:\/\/schema.org\/CreativeWork\" ><div class='avia_textblock  av_inherit_color '  style='color:#ffffff; '  itemprop=\"text\" ><p>Une fois le march\u00e9 national conquis, de nouveaux horizons de croissance s&rsquo;ouvrent avec l&rsquo;<strong>international<\/strong>. Mais qui dit nouveau march\u00e9 dit \u00e9galement nouvelles expertises de communication \u00e0 d\u00e9ployer. Et c&rsquo;est d&rsquo;autant plus le cas dans le digital, \u00e0 l&rsquo;heure d&rsquo;un d\u00e9veloppement mondial du webmarketing, seule une connaissance pr\u00e9cise du march\u00e9 local peut amener les entreprises \u00e9trang\u00e8res \u00e0 prosp\u00e9rer hors de leurs terres.<\/p>\n<p>Chez Ranking Road, nous proposons un accompagnement dans la <strong>gestion internationale de vos <a href=\"https:\/\/www.rankingroad.com\/fr\/referencement-payant\/google-adwords\/\">campagnes Google Adwords<\/a><\/strong>.<\/p>\n<\/div><\/section><\/p><\/div><\/div><!--close column table wrapper. Autoclose: 1 -->\n\n<\/div><\/div><\/div><!-- close content main div --><\/div><\/div><div id='av_section_4'  class='avia-section main_color avia-section-default avia-no-border-styling  avia-bg-style-scroll  avia-builder-el-13  el_after_av_section  el_before_av_section   container_wrap sidebar_right' style='background-color: #008aa9;  '  ><div class='container' ><div class='template-page content  av-content-small alpha units'><div class='post-entry post-entry-type-page post-entry-8363'><div class='entry-content-wrapper clearfix'>\n<div class='flex_column_table av-equal-height-column-flextable -flextable' ><div class=\"flex_column av_one_full  av-animated-generic pop-up  flex_column_table_cell av-equal-height-column av-align-middle first  avia-builder-el-14  avia-builder-el-no-sibling  \" style='padding:30px; border-radius:0px; '><section class=\"av_textblock_section \"  itemscope=\"itemscope\" itemtype=\"https:\/\/schema.org\/CreativeWork\" ><div class='avia_textblock  av_inherit_color '  style='color:#ffffff; '  itemprop=\"text\" ><h2 style=\"text-align: center;\">D\u00e9ployez vos campagnes Google Adwords \u00e0 l&rsquo;international avec une agence Fran\u00e7aise<\/h2>\n<\/div><\/section><br \/>\n<div  style=' margin-top:10px; margin-bottom:10px;'  class='hr hr-custom hr-left hr-icon-no   avia-builder-el-16  el_after_av_textblock  el_before_av_textblock '><span class='hr-inner  inner-border-av-border-fat' style=' width:0px; border-color:#ffffff;' ><span class='hr-inner-style'><\/span><\/span><\/div><br \/>\n<section class=\"av_textblock_section \"  itemscope=\"itemscope\" itemtype=\"https:\/\/schema.org\/CreativeWork\" ><div class='avia_textblock  av_inherit_color '  style='color:#ffffff; '  itemprop=\"text\" ><p>Ranking Road, c&rsquo;est 8 bureaux en Europe, dont <strong>2 en France<\/strong>. Ainsi, nos experts en SEA \u00e0 <strong>Nantes<\/strong> et <strong>Annecy<\/strong> vous accompagnent et restent vos principaux interlocuteurs, pour une fluidit\u00e9 parfaite de la prestation. Nous sommes \u00e9galement une agence poss\u00e9dant la <strong>certification Google Adwords<\/strong>, afin d&rsquo;offrir \u00e0 chaque client la prestation la plus qualitative possible.<\/p>\n<\/div><\/section><\/p><\/div><\/div><!--close column table wrapper. Autoclose: 1 -->\n\n<\/div><\/div><\/div><!-- close content main div --><\/div><\/div><div id='av_section_5'  class='avia-section main_color avia-section-default avia-no-border-styling  avia-bg-style-scroll  avia-builder-el-18  el_after_av_section  el_before_av_section   container_wrap sidebar_right' style='background-color: #ffffff;  '  ><div class='container' ><div class='template-page content  av-content-small alpha units'><div class='post-entry post-entry-type-page post-entry-8363'><div class='entry-content-wrapper clearfix'>\n<div  style=' margin-top:10px; margin-bottom:10px;'  class='hr hr-custom hr-left hr-icon-no   avia-builder-el-19  el_before_av_textblock  avia-builder-el-first '><span class='hr-inner  inner-border-av-border-fat' style=' width:0px; border-color:#ffffff;' ><span class='hr-inner-style'><\/span><\/span><\/div>\n<section class=\"av_textblock_section \"  itemscope=\"itemscope\" itemtype=\"https:\/\/schema.org\/CreativeWork\" ><div class='avia_textblock  av_inherit_color '  style='color:#000000; '  itemprop=\"text\" ><h3 style=\"text-align: center;\">Nous cr\u00e9ons des campagnes Google AdWords dans les principaux pays europ\u00e9ens :<br \/>\n<span style=\"color: #008aa9;\">Royaume-Uni, Allemagne, France, Suisse, Espagne, Italie, Belgique, Pays-Bas et Pologne.<\/span><\/h3>\n<\/div><\/section>\n\n<\/div><\/div><\/div><!-- close content main div --><\/div><\/div><div id='av_section_6'  class='avia-section main_color avia-section-default avia-no-border-styling  avia-bg-style-scroll  avia-builder-el-21  el_after_av_section  el_before_av_section   container_wrap sidebar_right' style='background-color: #a4a710;  '  ><div class='container' ><div class='template-page content  av-content-small alpha units'><div class='post-entry post-entry-type-page post-entry-8363'><div class='entry-content-wrapper clearfix'>\n<div class=\"flex_column av_one_full  flex_column_div av-zero-column-padding first  avia-builder-el-22  el_before_av_one_third  avia-builder-el-first  \" style='border-radius:0px; '><section class=\"av_textblock_section \"  itemscope=\"itemscope\" itemtype=\"https:\/\/schema.org\/CreativeWork\" ><div class='avia_textblock  av_inherit_color '  style='color:#000000; '  itemprop=\"text\" ><h2 style=\"text-align: center;\">Les avantages de Ranking Road et de notre agence internationale en France<\/h2>\n<\/div><\/section><br \/>\n<div  style=' margin-top:10px; margin-bottom:10px;'  class='hr hr-custom hr-left hr-icon-no   avia-builder-el-24  el_after_av_textblock  avia-builder-el-last '><span class='hr-inner  inner-border-av-border-fat' style=' width:0px; border-color:#ffffff;' ><span class='hr-inner-style'><\/span><\/span><\/div><\/p><\/div><div class='flex_column_table av-equal-height-column-flextable -flextable' ><div class=\"flex_column av_one_third  av-animated-generic pop-up  flex_column_table_cell av-equal-height-column av-align-top first  avia-builder-el-25  el_after_av_one_full  el_before_av_one_third  column-top-margin\" style='padding:30px; border-radius:0px; '><section class=\"av_textblock_section \"  itemscope=\"itemscope\" itemtype=\"https:\/\/schema.org\/CreativeWork\" ><div class='avia_textblock  av_inherit_color '  style='color:#ffffff; '  itemprop=\"text\" ><h3>Des professionnels connaissant le march\u00e9 local<\/h3>\n<p>Dans votre strat\u00e9gie Google Adwords internationale, vous avez besoin de vous implanter sur le march\u00e9 Allemand par exemple ? Pas de souci, nos experts de <strong>Munich<\/strong> prennent les choses en main. Et de m\u00eame, en <strong>Italie<\/strong>, au <strong>Royaume-Uni<\/strong>, ou encore en <strong>Espagne<\/strong>. Chaque agence et ses collaborateurs poss\u00e9dant une <strong>connaissance pr\u00e9cise du march\u00e9 local<\/strong>.<\/p>\n<\/div><\/section><\/div><div class='av-flex-placeholder'><\/div><div class=\"flex_column av_one_third  av-animated-generic pop-up  flex_column_table_cell av-equal-height-column av-align-top   avia-builder-el-27  el_after_av_one_third  el_before_av_one_third  column-top-margin\" style='padding:30px; border-radius:0px; '><section class=\"av_textblock_section \"  itemscope=\"itemscope\" itemtype=\"https:\/\/schema.org\/CreativeWork\" ><div class='avia_textblock  av_inherit_color '  style='color:#ffffff; '  itemprop=\"text\" ><h3>Des agences multiples, un seul interlocuteur<\/h3>\n<p>Gardez un <strong>interlocuteur francophone<\/strong> pendant toute la dur\u00e9e de la prestation avec notre agence SEA internationale. Il sera en contact avec les agences internationales d\u00e9veloppant vos campagnes SEA. Ce professionnel vous communiquera \u00e9galement les <strong>performances de vos campagnes Google Ads<\/strong>.<\/p>\n<\/div><\/section><\/div><div class='av-flex-placeholder'><\/div><div class=\"flex_column av_one_third  av-animated-generic pop-up  flex_column_table_cell av-equal-height-column av-align-top   avia-builder-el-29  el_after_av_one_third  avia-builder-el-last  column-top-margin\" style='padding:30px; border-radius:0px; '><section class=\"av_textblock_section \"  itemscope=\"itemscope\" itemtype=\"https:\/\/schema.org\/CreativeWork\" ><div class='avia_textblock  av_inherit_color '  style='color:#ffffff; '  itemprop=\"text\" ><h3>Bien plus qu&rsquo;une traduction<\/h3>\n<p>Vous l&rsquo;aurez compris, Ranking Road c&rsquo;est des <strong>agences dans toute l&rsquo;Europe<\/strong>, chacune ayant des <strong>connaissances pointues sur son march\u00e9 local<\/strong>. L\u00e0 o\u00f9 vos concurrents peuvent opter pour une simple traduction, devancez-les en d\u00e9ployant une <strong>strat\u00e9gie Adwords r\u00e9fl\u00e9chie<\/strong> et pr\u00e9cise <strong>propre \u00e0 chaque pays<\/strong>. Boostez vos conversions maintenant avec Ranking Road, <strong>contactez-nous ci-dessous pour recevoir un devis gratuit<\/strong>.<\/p>\n<\/div><\/section><\/div><\/div><!--close column table wrapper. Autoclose: 1 -->\n\n<\/div><\/div><\/div><!-- close content main div --><\/div><\/div><div id='av_section_7'  class='avia-section main_color avia-section-default avia-no-border-styling  avia-bg-style-scroll  avia-builder-el-31  el_after_av_section  avia-builder-el-last   container_wrap sidebar_right' style='background-color: #000000; background-repeat: no-repeat; background-image: url(https:\/\/www.rankingroad.com\/wp-content\/uploads\/2018\/02\/BG_PNG_WHITE.png);background-attachment: scroll; background-position: bottom left;  '  data-section-bg-repeat='no-repeat'><div class='container' ><div class='template-page content  av-content-small alpha units'><div class='post-entry post-entry-type-page post-entry-8363'><div class='entry-content-wrapper clearfix'>\n<div class=\"flex_column av_one_full  flex_column_div av-zero-column-padding first  avia-builder-el-32  el_before_av_one_half  avia-builder-el-first  \" style='border-radius:0px; '><section class=\"av_textblock_section \"  itemscope=\"itemscope\" itemtype=\"https:\/\/schema.org\/CreativeWork\" ><div class='avia_textblock  av_inherit_color '  style='color:#ffffff; '  itemprop=\"text\" ><p><a name=\"page-contact-form\"><\/a><\/p>\n<h2 class=\"p1\" style=\"text-align: center;\"><span class=\"s1\"><b>CONTACTEZ-NOUS<\/b><\/span><\/h2>\n<\/div><\/section><\/div><div class=\"flex_column av_one_half  flex_column_div av-zero-column-padding first  avia-builder-el-34  el_after_av_one_full  el_before_av_one_half  column-top-margin\" style='border-radius:0px; '><section class=\"av_textblock_section \"  itemscope=\"itemscope\" itemtype=\"https:\/\/schema.org\/CreativeWork\" ><div class='avia_textblock  av_inherit_color '  style='color:#ffffff; '  itemprop=\"text\" ><h3 class=\"p1\" style=\"text-align: left;\">COMMENCEZ D\u00c8S MAINTENANT VOTRE CROISSANCE DIGITALE \u00c0 L\u2019INTERNATIONAL !<\/h3>\n<\/div><\/section><br \/>\n<div  style=' margin-top:20px; margin-bottom:20px;'  class='hr hr-custom hr-left hr-icon-no   avia-builder-el-36  el_after_av_textblock  el_before_av_textblock '><span class='hr-inner  inner-border-av-border-thin' style=' width:100%; border-color:#ffffff;' ><span class='hr-inner-style'><\/span><\/span><\/div><br \/>\n<section class=\"av_textblock_section \"  itemscope=\"itemscope\" itemtype=\"https:\/\/schema.org\/CreativeWork\" ><div class='avia_textblock  av_inherit_color '  style='color:#ffffff; '  itemprop=\"text\" ><p>Pour commencer votre croissance digitale \u00e0 l\u2019international, contactez-nous et prenez contact avec notre expert pour une premi\u00e8re consultation gratuite.<\/p>\n<\/div><\/section><\/p><\/div><div class=\"flex_column av_one_half  flex_column_div av-zero-column-padding   avia-builder-el-38  el_after_av_one_half  avia-builder-el-last  column-top-margin\" style='border-radius:0px; '><section class=\"av_textblock_section \"  itemscope=\"itemscope\" itemtype=\"https:\/\/schema.org\/CreativeWork\" ><div class='avia_textblock  '   itemprop=\"text\" ><p style=\"text-align: center;\">\n<div class=\"wpcf7 no-js\" id=\"wpcf7-f1830-o1\" lang=\"it-IT\" dir=\"ltr\">\n<div class=\"screen-reader-response\"><p role=\"status\" aria-live=\"polite\" aria-atomic=\"true\"><\/p> <ul><\/ul><\/div>\n<form action=\"\/fr\/wp-json\/wp\/v2\/pages\/8363#wpcf7-f1830-o1\" method=\"post\" class=\"wpcf7-form init\" aria-label=\"Modulo di contatto\" novalidate=\"novalidate\" data-status=\"init\">\n<div style=\"display: none;\">\n<input type=\"hidden\" name=\"_wpcf7\" value=\"1830\" \/>\n<input type=\"hidden\" name=\"_wpcf7_version\" value=\"5.8\" \/>\n<input type=\"hidden\" name=\"_wpcf7_locale\" value=\"it_IT\" \/>\n<input type=\"hidden\" name=\"_wpcf7_unit_tag\" value=\"wpcf7-f1830-o1\" \/>\n<input type=\"hidden\" name=\"_wpcf7_container_post\" value=\"0\" \/>\n<input type=\"hidden\" name=\"_wpcf7_posted_data_hash\" value=\"\" \/>\n<\/div>\n<p class=\"label-fields\">Nom et Pr\u00e9nom\n<\/p>\n<p><label><span class=\"wpcf7-form-control-wrap\" data-name=\"your-name\"><input size=\"40\" class=\"wpcf7-form-control wpcf7-text wpcf7-validates-as-required\" aria-required=\"true\" aria-invalid=\"false\" value=\"\" type=\"text\" name=\"your-name\" \/><\/span><\/label>\n<\/p>\n<p class=\"label-fields\">Adresse e-mail\n<\/p>\n<p><label><span class=\"wpcf7-form-control-wrap\" data-name=\"your-email\"><input size=\"40\" class=\"wpcf7-form-control wpcf7-email wpcf7-validates-as-required wpcf7-text wpcf7-validates-as-email\" aria-required=\"true\" aria-invalid=\"false\" value=\"\" type=\"email\" name=\"your-email\" \/><\/span><\/label>\n<\/p>\n<p class=\"label-fields\">Commentaires\n<\/p>\n<p><label><span class=\"wpcf7-form-control-wrap\" data-name=\"your-message\"><textarea cols=\"40\" rows=\"3\" class=\"wpcf7-form-control wpcf7-textarea wpcf7-validates-as-required\" aria-required=\"true\" aria-invalid=\"false\" name=\"your-message\"><\/textarea><\/span><\/label>\n<\/p>\n<p class=\"label-fields\"><span class=\"wpcf7-form-control-wrap\" data-name=\"acceptance-782\"><span class=\"wpcf7-form-control wpcf7-acceptance\"><span class=\"wpcf7-list-item\"><input type=\"checkbox\" name=\"acceptance-782\" value=\"1\" aria-invalid=\"false\" \/><\/span><\/span><\/span> Accept <a href=\"https:\/\/www.rankingroad.com\/privacy-policy\/\">Privacy Policy<\/a>\n<\/p>\n<p style=\"margin-top:20px;\"><input class=\"wpcf7-form-control wpcf7-submit has-spinner\" type=\"submit\" value=\"CONTACTEZ-NOUS\" \/>\n<\/p><div class=\"wpcf7-response-output\" aria-hidden=\"true\"><\/div>\n<\/form>\n<\/div>\n<\/p>\n<\/div><\/section><\/div><\/div><\/div><\/div><!-- close content main div --><\/div><\/div><div id='after_section_7'  class='main_color av_default_container_wrap container_wrap sidebar_right' style=' '  ><div class='container' ><div class='template-page content  av-content-small alpha units'><div class='post-entry post-entry-type-page post-entry-8363'><div class='entry-content-wrapper clearfix'>\n","protected":false},"excerpt":{"rendered":"","protected":false},"author":1,"featured_media":0,"parent":1553,"menu_order":50,"comment_status":"closed","ping_status":"closed","template":"","meta":{"_mi_skip_tracking":false,"_monsterinsights_sitenote_active":false,"_monsterinsights_sitenote_note":"","_monsterinsights_sitenote_category":0},"_links":{"self":[{"href":"https:\/\/www.rankingroad.com\/fr\/wp-json\/wp\/v2\/pages\/8363"}],"collection":[{"href":"https:\/\/www.rankingroad.com\/fr\/wp-json\/wp\/v2\/pages"}],"about":[{"href":"https:\/\/www.rankingroad.com\/fr\/wp-json\/wp\/v2\/types\/page"}],"author":[{"embeddable":true,"href":"https:\/\/www.rankingroad.com\/fr\/wp-json\/wp\/v2\/users\/1"}],"replies":[{"embeddable":true,"href":"https:\/\/www.rankingroad.com\/fr\/wp-json\/wp\/v2\/comments?post=8363"}],"version-history":[{"count":0,"href":"https:\/\/www.rankingroad.com\/fr\/wp-json\/wp\/v2\/pages\/8363\/revisions"}],"up":[{"embeddable":true,"href":"https:\/\/www.rankingroad.com\/fr\/wp-json\/wp\/v2\/pages\/1553"}],"wp:attachment":[{"href":"https:\/\/www.rankingroad.com\/fr\/wp-json\/wp\/v2\/media?parent=8363"}],"curies":[{"name":"wp","href":"https:\/\/api.w.org\/{rel}","templated":true}]}}