{"id":2620,"date":"2018-06-21T12:17:34","date_gmt":"2018-06-21T12:17:34","guid":{"rendered":"https:\/\/www.rankingroad.com\/?page_id=2620"},"modified":"2021-05-03T09:02:51","modified_gmt":"2021-05-03T09:02:51","slug":"amazon-seo","status":"publish","type":"page","link":"https:\/\/www.rankingroad.com\/de\/seo\/amazon-seo\/","title":{"rendered":"AMAZON SEO"},"content":{"rendered":"<div id='av_section_1'  class='avia-section main_color avia-section-default avia-no-border-styling  avia-bg-style-scroll  avia-builder-el-0  el_before_av_section  avia-builder-el-first   container_wrap sidebar_right' style='background-color: #008aa9;  '  ><div class='av-section-color-overlay-wrap'><a href='#next-section' title='' class='scroll-down-link '  aria-hidden='true' data-av_icon='\ue877' data-av_iconfont='entypo-fontello'><\/a><div class='container' ><main  role=\"main\" itemprop=\"mainContentOfPage\"  class='template-page content  av-content-small alpha units'><div class='post-entry post-entry-type-page post-entry-2620'><div class='entry-content-wrapper clearfix'>\n<div  class='avia-image-container avia_animated_image avia_animate_when_almost_visible bottom-to-top av-styling-    avia-builder-el-1  avia-builder-el-no-sibling  avia-align-center '  itemprop=\"image\" itemscope=\"itemscope\" itemtype=\"https:\/\/schema.org\/ImageObject\"  ><div class='avia-image-container-inner'><div class='avia-image-overlay-wrap'><img class='avia_image' src='https:\/\/www.rankingroad.com\/wp-content\/uploads\/2018\/04\/A-SEO.png' alt='amazon seo' title='A-SEO' height=\"403\" width=\"900\"  itemprop=\"thumbnailUrl\"  \/><\/div><\/div><\/div>\n\n<\/div><\/div><\/main><!-- close content main element --><\/div><\/div><\/div><div id='av_section_2'  class='avia-section main_color avia-section-no-padding avia-no-border-styling  avia-bg-style-scroll  avia-builder-el-2  el_after_av_section  el_before_av_section   container_wrap sidebar_right' style='background-color: #ff5252; background-repeat: no-repeat; background-image: url(https:\/\/www.rankingroad.com\/wp-content\/uploads\/2018\/04\/BG_ELEMENT_CTA-1.png);background-attachment: scroll; background-position: bottom center;  '  data-section-bg-repeat='no-repeat'><div class='container' ><div class='template-page content  av-content-small alpha units'><div class='post-entry post-entry-type-page post-entry-2620'><div class='entry-content-wrapper clearfix'>\n<div class='flex_column_table av-equal-height-column-flextable -flextable' ><div class=\"flex_column av_three_fourth  flex_column_table_cell av-equal-height-column av-align-middle av-zero-column-padding first  avia-builder-el-3  el_before_av_one_fourth  avia-builder-el-first  \" style='border-radius:0px; '><p><div  style=' margin-top:2px; margin-bottom:5px;'  class='hr hr-custom hr-left hr-icon-no   avia-builder-el-4  el_before_av_textblock  avia-builder-el-first '><span class='hr-inner  inner-border-av-border-fat' style=' width:0px; border-color:#ffffff;' ><span class='hr-inner-style'><\/span><\/span><\/div><br \/>\n<section class=\"av_textblock_section \"  itemscope=\"itemscope\" itemtype=\"https:\/\/schema.org\/CreativeWork\" ><div class='avia_textblock  av_inherit_color '  style='color:#ffffff; '  itemprop=\"text\" ><h6><strong>STARTEN SIE JETZT IHRE DIGITALE EXPORTSTRATEGIE<\/strong><\/h6>\n<\/div><\/section><br \/>\n<section class=\"av_textblock_section \"  itemscope=\"itemscope\" itemtype=\"https:\/\/schema.org\/CreativeWork\" ><div class='avia_textblock  av_inherit_color '  style='font-size:23px; color:#ffffff; '  itemprop=\"text\" ><p>Kontaktieren Sie uns f\u00fcr ein kostenloses Beratungsgespr\u00e4ch<\/p>\n<\/div><\/section><\/p><\/div><div class='av-flex-placeholder'><\/div><div class=\"flex_column av_one_fourth  flex_column_table_cell av-equal-height-column av-align-middle av-zero-column-padding   avia-builder-el-7  el_after_av_three_fourth  avia-builder-el-last  \" style='border-radius:0px; '><div  class='avia-button-wrap avia-button-left  avia-builder-el-8  avia-builder-el-no-sibling ' ><a href='#page-contact-form'  class='avia-button   avia-icon_select-no avia-size-large avia-position-left '  style='background-color:#ffffff; border-color:#ffffff; color:#333333; ' ><span class='avia_iconbox_title' >JETZT KONTAKTIEREN<\/span><\/a><\/div><\/div><\/div><!--close column table wrapper. Autoclose: 1 -->\n\n<\/div><\/div><\/div><!-- close content main div --><\/div><\/div><div id='av_section_3'  class='avia-section main_color avia-section-default avia-no-border-styling  avia-bg-style-scroll  avia-builder-el-9  el_after_av_section  el_before_av_section   container_wrap sidebar_right' style='background-color: #222222;  '  ><div class='container' ><div class='template-page content  av-content-small alpha units'><div class='post-entry post-entry-type-page post-entry-2620'><div class='entry-content-wrapper clearfix'>\n<div class='flex_column_table av-equal-height-column-flextable -flextable' ><div class=\"flex_column av_one_full  av-animated-generic pop-up  flex_column_table_cell av-equal-height-column av-align-middle first  avia-builder-el-10  el_before_av_one_half  avia-builder-el-first  \" style='padding:30px; border-radius:0px; '><section class=\"av_textblock_section \"  itemscope=\"itemscope\" itemtype=\"https:\/\/schema.org\/CreativeWork\" ><div class='avia_textblock  av_inherit_color '  style='color:#ffffff; '  itemprop=\"text\" ><h1 style=\"text-align: center;\">Amazon, die Suchmaschine f\u00fcr Verkaufsprodukte<\/h1>\n<\/div><\/section><\/div><\/div><!--close column table wrapper. Autoclose: 1 --><div class='flex_column_table av-equal-height-column-flextable -flextable' ><div class=\"flex_column av_one_half  av-animated-generic pop-up  flex_column_table_cell av-equal-height-column av-align-top first  avia-builder-el-12  el_after_av_one_full  el_before_av_one_half  column-top-margin\" style='padding:30px; border-radius:0px; '><section class=\"av_textblock_section \"  itemscope=\"itemscope\" itemtype=\"https:\/\/schema.org\/CreativeWork\" ><div class='avia_textblock  av_inherit_color '  style='color:#ffffff; '  itemprop=\"text\" ><p>Amazon ist die wichtigste Suchmaschine im Bereich E-Commerce, weshalb die Positionierung Ihrer Produkte \u00fcber Amazon sehr wichtig ist. Denn: Eine h\u00f6here Sichtbarkeit steht f\u00fcr mehr Umsatz, aber wie l\u00e4sst sich Ihr Umsatz \u00fcber Amazon steigern?<\/p>\n<\/div><\/section><\/div><div class='av-flex-placeholder'><\/div><div class=\"flex_column av_one_half  av-animated-generic pop-up  flex_column_table_cell av-equal-height-column av-align-top   avia-builder-el-14  el_after_av_one_half  avia-builder-el-last  column-top-margin\" style='padding:30px; border-radius:0px; '><section class=\"av_textblock_section \"  itemscope=\"itemscope\" itemtype=\"https:\/\/schema.org\/CreativeWork\" ><div class='avia_textblock  av_inherit_color '  style='color:#ffffff; '  itemprop=\"text\" ><p>Um Ihre digitale Strategie zu verbessern, bieten wir <a title=\"Internationales SEO\" href=\"https:\/\/www.rankingroad.com\/de\/seo\/\">SEO-Ma\u00dfnahmen<\/a> in den wichtigsten europ\u00e4ischen M\u00e4rkten an: in UK, Deutschland, Frankreich, Spanien und Italien.<\/p>\n<\/div><\/section><\/div><\/div><!--close column table wrapper. Autoclose: 1 -->\n\n<\/div><\/div><\/div><!-- close content main div --><\/div><\/div><div id='av_section_4'  class='avia-section main_color avia-section-default avia-no-border-styling  avia-bg-style-scroll  avia-builder-el-16  el_after_av_section  el_before_av_section   container_wrap sidebar_right' style='background-color: #ffffff;  '  ><div class='container' ><div class='template-page content  av-content-small alpha units'><div class='post-entry post-entry-type-page post-entry-2620'><div class='entry-content-wrapper clearfix'>\n<div class=\"flex_column av_one_full  flex_column_div av-zero-column-padding first  avia-builder-el-17  el_before_av_one_full  avia-builder-el-first  \" style='border-radius:0px; '><section class=\"av_textblock_section \"  itemscope=\"itemscope\" itemtype=\"https:\/\/schema.org\/CreativeWork\" ><div class='avia_textblock  av_inherit_color '  style='color:#000000; '  itemprop=\"text\" ><h2 class=\"p1\" style=\"text-align: center;\">Wie k\u00f6nnen Sie Ihre Verk\u00e4ufe auf Amazon steigern?<\/h2>\n<\/div><\/section><br \/>\n<div  style=' margin-top:10px; margin-bottom:10px;'  class='hr hr-custom hr-left hr-icon-no   avia-builder-el-19  el_after_av_textblock  avia-builder-el-last '><span class='hr-inner  inner-border-av-border-fat' style=' width:0px; border-color:#ffffff;' ><span class='hr-inner-style'><\/span><\/span><\/div><\/p><\/div><div class='flex_column_table av-equal-height-column-flextable -flextable' ><div class=\"flex_column av_one_full  av-animated-generic pop-up  flex_column_table_cell av-equal-height-column av-align-middle first  avia-builder-el-20  el_after_av_one_full  el_before_av_one_third  column-top-margin\" style='padding:30px; border-radius:0px; '><section class=\"av_textblock_section \"  itemscope=\"itemscope\" itemtype=\"https:\/\/schema.org\/CreativeWork\" ><div class='avia_textblock  av_inherit_color '  style='color:#000000; '  itemprop=\"text\" ><p>Die Produkte, die in den Suchergebnissen ganz oben erscheinen, werden am h\u00e4ufigsten geklickt. Nutzen Sie unsere Amazon SEO-Strategien \u2013 wir setzen gezielte Ma\u00dfnahmen ein, um die Sichtbarkeit Ihrer Produkte auf dem Marktplatz zu erh\u00f6hen. Die Umsatzsteigerung h\u00e4ngt von den folgenden Faktoren ab:<\/p>\n<\/div><\/section><\/div><\/div><!--close column table wrapper. Autoclose: 1 --><div class='flex_column_table av-equal-height-column-flextable -flextable' ><div class=\"flex_column av_one_third  av-animated-generic pop-up  flex_column_table_cell av-equal-height-column av-align-top first  avia-builder-el-22  el_after_av_one_full  el_before_av_one_third  column-top-margin\" style='padding:30px; border-radius:0px; '><section class=\"av_textblock_section \"  itemscope=\"itemscope\" itemtype=\"https:\/\/schema.org\/CreativeWork\" ><div class='avia_textblock  av_inherit_color '  style='color:#222222; '  itemprop=\"text\" ><h3><span style=\"color: #008aa9;\">AKQUISE NEUER KUNDEN:<\/span><\/h3>\n<p>die Sichtbarkeit eines einzelnen Produktes zu verbessern, lenkt mehr Aufmerksamkeit auf die gesamte Marke und gibt Ihnen die M\u00f6glichkeit, Ihre Kundenbasis zu erweitern.<\/p>\n<\/div><\/section><\/div><div class='av-flex-placeholder'><\/div><div class=\"flex_column av_one_third  av-animated-generic pop-up  flex_column_table_cell av-equal-height-column av-align-top   avia-builder-el-24  el_after_av_one_third  el_before_av_one_third  column-top-margin\" style='padding:30px; border-radius:0px; '><section class=\"av_textblock_section \"  itemscope=\"itemscope\" itemtype=\"https:\/\/schema.org\/CreativeWork\" ><div class='avia_textblock  av_inherit_color '  style='color:#222222; '  itemprop=\"text\" ><h3><span style=\"color: #008aa9;\">H\u00d6HERE KAUFWAHRSCHEINLICHKEIT:<\/span><\/h3>\n<p>je besser die Positionierung in den Amazon-Suchergebnissen ist, desto h\u00f6her ist die Anzahl der Nutzer, die das Produkt sehen und auch kaufen.<\/p>\n<\/div><\/section><\/div><div class='av-flex-placeholder'><\/div><div class=\"flex_column av_one_third  av-animated-generic pop-up  flex_column_table_cell av-equal-height-column av-align-top   avia-builder-el-26  el_after_av_one_third  avia-builder-el-last  column-top-margin\" style='padding:30px; border-radius:0px; '><section class=\"av_textblock_section \"  itemscope=\"itemscope\" itemtype=\"https:\/\/schema.org\/CreativeWork\" ><div class='avia_textblock  av_inherit_color '  style='color:#222222; '  itemprop=\"text\" ><h3><span style=\"color: #008aa9;\">VERBESSERTE SICHTBARKEIT:<\/span><\/h3>\n<p>mit 300 Millionen Nutzern weltweit ist Amazon ein echter \u201eglobal Player\u201c. Nutzen Sie diesen Umstand und steigern Sie Ihren Umsatz!<\/p>\n<\/div><\/section><\/div><\/div><!--close column table wrapper. Autoclose: 1 -->\n\n<\/div><\/div><\/div><!-- close content main div --><\/div><\/div><div id='av_section_5'  class='avia-section main_color avia-section-default avia-no-border-styling  avia-bg-style-scroll  avia-builder-el-28  el_after_av_section  el_before_av_section   container_wrap sidebar_right' style='background-color: #a4a710;  '  ><div class='container' ><div class='template-page content  av-content-small alpha units'><div class='post-entry post-entry-type-page post-entry-2620'><div class='entry-content-wrapper clearfix'>\n<div class=\"flex_column av_one_full  flex_column_div av-zero-column-padding first  avia-builder-el-29  el_before_av_one_half  avia-builder-el-first  \" style='border-radius:0px; '><section class=\"av_textblock_section \"  itemscope=\"itemscope\" itemtype=\"https:\/\/schema.org\/CreativeWork\" ><div class='avia_textblock  av_inherit_color '  style='color:#000000; '  itemprop=\"text\" ><h3 style=\"text-align: center;\"><strong>Positionierung auf Amazon?<\/strong><br \/>\n<strong> Deswegen sollten Sie sich an Ranking Road wenden<\/strong><\/h3>\n<\/div><\/section><br \/>\n<div  style=' margin-top:10px; margin-bottom:10px;'  class='hr hr-custom hr-left hr-icon-no   avia-builder-el-31  el_after_av_textblock  avia-builder-el-last '><span class='hr-inner  inner-border-av-border-fat' style=' width:0px; border-color:#ffffff;' ><span class='hr-inner-style'><\/span><\/span><\/div><\/p><\/div><div class='flex_column_table av-equal-height-column-flextable -flextable' ><div class=\"flex_column av_one_half  av-animated-generic pop-up  flex_column_table_cell av-equal-height-column av-align-top first  avia-builder-el-32  el_after_av_one_full  el_before_av_one_half  column-top-margin\" style='padding:30px; border-radius:0px; '><section class=\"av_textblock_section \"  itemscope=\"itemscope\" itemtype=\"https:\/\/schema.org\/CreativeWork\" ><div class='avia_textblock  av_inherit_color '  style='color:#ffffff; '  itemprop=\"text\" ><h3><strong>GANZ EUROPA STEHT IHNEN MIT EINEM KLICK ZUR VERF\u00dcGUNG<\/strong><\/h3>\n<p>Die bessere Sichtbarkeit Ihrer Produkte auf Amazon f\u00fchrt dazu, dass Sie Ihrem Unternehmen die wichtigsten europ\u00e4ischen M\u00e4rkte zug\u00e4nglich machen. Ranking Road nutzt ma\u00dfgeschneiderte Optimierungsstrategien, um dieses Ziel gemeinsam mit Ihnen zu erreichen.<\/p>\n<\/div><\/section><\/div><div class='av-flex-placeholder'><\/div><div class=\"flex_column av_one_half  av-animated-generic pop-up  flex_column_table_cell av-equal-height-column av-align-top   avia-builder-el-34  el_after_av_one_half  avia-builder-el-last  column-top-margin\" style='padding:30px; border-radius:0px; '><section class=\"av_textblock_section \"  itemscope=\"itemscope\" itemtype=\"https:\/\/schema.org\/CreativeWork\" ><div class='avia_textblock  av_inherit_color '  style='color:#ffffff; '  itemprop=\"text\" ><h3><strong>JAHRELANGE ERFAHRUNG ZU IHREN DIENSTEN<\/strong><\/h3>\n<p>Unsere Experten verf\u00fcgen \u00fcber eine langj\u00e4hrige Ausbildung sowie praktische Erfahrung in gut etablierten M\u00e4rkten in unterschiedlichen L\u00e4ndern. Nutzen Sie diese Vorteile von Ranking Road und lassen Sie uns gemeinsam Ihre Amazon SEO-Strategie definieren!<\/p>\n<\/div><\/section><\/div><\/div><!--close column table wrapper. Autoclose: 1 -->\n\n<\/div><\/div><\/div><!-- close content main div --><\/div><\/div><div id='av_section_6'  class='avia-section main_color avia-section-default avia-no-border-styling  avia-bg-style-scroll  avia-builder-el-36  el_after_av_section  el_before_av_section   container_wrap sidebar_right' style='background-color: #ffffff;  '  ><div class='container' ><div class='template-page content  av-content-small alpha units'><div class='post-entry post-entry-type-page post-entry-2620'><div class='entry-content-wrapper clearfix'>\n<div class=\"flex_column av_one_full  flex_column_div av-zero-column-padding first  avia-builder-el-37  el_before_av_one_fifth  avia-builder-el-first  \" style='border-radius:0px; '><section class=\"av_textblock_section \"  itemscope=\"itemscope\" itemtype=\"https:\/\/schema.org\/CreativeWork\" ><div class='avia_textblock  av_inherit_color '  style='color:#000000; '  itemprop=\"text\" ><h2 style=\"text-align: center;\">Amazon SEO in Europa<\/h2>\n<\/div><\/section><br \/>\n<div  style=' margin-top:10px; margin-bottom:10px;'  class='hr hr-custom hr-left hr-icon-no   avia-builder-el-39  el_after_av_textblock  avia-builder-el-last '><span class='hr-inner  inner-border-av-border-fat' style=' width:0px; border-color:#ffffff;' ><span class='hr-inner-style'><\/span><\/span><\/div><\/p><\/div><div class='flex_column_table av-equal-height-column-flextable -flextable' ><div class=\"flex_column av_one_fifth  av-animated-generic pop-up  no_margin flex_column_table_cell av-equal-height-column av-align-middle first  avia-builder-el-40  el_after_av_one_full  el_before_av_one_fifth  column-top-margin\" style='padding:30px; border-radius:0px; '><div  class='avia-image-container  av-styling-    avia-builder-el-41  avia-builder-el-no-sibling  avia-align-center '  itemprop=\"image\" itemscope=\"itemscope\" itemtype=\"https:\/\/schema.org\/ImageObject\"  ><div class='avia-image-container-inner'><div class='avia-image-overlay-wrap'><img class='avia_image' src='https:\/\/www.rankingroad.com\/wp-content\/uploads\/2018\/04\/AMAZON-SEO-ITALY.png' alt='' title='AMAZON-SEO-ITALY' height=\"110\" width=\"220\"  itemprop=\"thumbnailUrl\"  \/><\/div><\/div><\/div><\/div><div class=\"flex_column av_one_fifth  av-animated-generic pop-up  no_margin flex_column_table_cell av-equal-height-column av-align-middle   avia-builder-el-42  el_after_av_one_fifth  el_before_av_one_fifth  column-top-margin\" style='padding:30px; border-radius:0px; '><div  class='avia-image-container  av-styling-    avia-builder-el-43  avia-builder-el-no-sibling  avia-align-center '  itemprop=\"image\" itemscope=\"itemscope\" itemtype=\"https:\/\/schema.org\/ImageObject\"  ><div class='avia-image-container-inner'><div class='avia-image-overlay-wrap'><img class='avia_image' src='https:\/\/www.rankingroad.com\/wp-content\/uploads\/2018\/04\/AMAZON-SEO-FRANCE.png' alt='' title='AMAZON-SEO-FRANCE' height=\"110\" width=\"220\"  itemprop=\"thumbnailUrl\"  \/><\/div><\/div><\/div><\/div><div class=\"flex_column av_one_fifth  av-animated-generic pop-up  no_margin flex_column_table_cell av-equal-height-column av-align-middle   avia-builder-el-44  el_after_av_one_fifth  el_before_av_one_fifth  column-top-margin\" style='padding:30px; border-radius:0px; '><div  class='avia-image-container  av-styling-    avia-builder-el-45  avia-builder-el-no-sibling  avia-align-center '  itemprop=\"image\" itemscope=\"itemscope\" itemtype=\"https:\/\/schema.org\/ImageObject\"  ><div class='avia-image-container-inner'><div class='avia-image-overlay-wrap'><img class='avia_image' src='https:\/\/www.rankingroad.com\/wp-content\/uploads\/2018\/04\/AMAZON-SEO-UK.png' alt='' title='AMAZON-SEO-UK' height=\"110\" width=\"220\"  itemprop=\"thumbnailUrl\"  \/><\/div><\/div><\/div><\/div><div class=\"flex_column av_one_fifth  av-animated-generic pop-up  no_margin flex_column_table_cell av-equal-height-column av-align-middle   avia-builder-el-46  el_after_av_one_fifth  el_before_av_one_fifth  column-top-margin\" style='padding:30px; border-radius:0px; '><div  class='avia-image-container  av-styling-    avia-builder-el-47  avia-builder-el-no-sibling  avia-align-center '  itemprop=\"image\" itemscope=\"itemscope\" itemtype=\"https:\/\/schema.org\/ImageObject\"  ><div class='avia-image-container-inner'><div class='avia-image-overlay-wrap'><img class='avia_image' src='https:\/\/www.rankingroad.com\/wp-content\/uploads\/2018\/04\/AMAZON-SEO-DE.png' alt='' title='AMAZON-SEO-DE' height=\"110\" width=\"220\"  itemprop=\"thumbnailUrl\"  \/><\/div><\/div><\/div><\/div><div class=\"flex_column av_one_fifth  av-animated-generic pop-up  no_margin flex_column_table_cell av-equal-height-column av-align-middle   avia-builder-el-48  el_after_av_one_fifth  avia-builder-el-last  column-top-margin\" style='padding:30px; border-radius:0px; '><div  class='avia-image-container  av-styling-    avia-builder-el-49  avia-builder-el-no-sibling  avia-align-center '  itemprop=\"image\" itemscope=\"itemscope\" itemtype=\"https:\/\/schema.org\/ImageObject\"  ><div class='avia-image-container-inner'><div class='avia-image-overlay-wrap'><img class='avia_image' src='https:\/\/www.rankingroad.com\/wp-content\/uploads\/2018\/04\/AMAZON-SEO-SPAIN.png' alt='' title='AMAZON-SEO-SPAIN' height=\"110\" width=\"220\"  itemprop=\"thumbnailUrl\"  \/><\/div><\/div><\/div><\/div><\/div><!--close column table wrapper. Autoclose: 1 -->\n\n<\/div><\/div><\/div><!-- close content main div --><\/div><\/div><div id='av_section_7'  class='avia-section main_color avia-section-default avia-no-border-styling  avia-bg-style-scroll  avia-builder-el-50  el_after_av_section  avia-builder-el-last   container_wrap sidebar_right' style='background-color: #000000; background-repeat: no-repeat; background-image: url(https:\/\/www.rankingroad.com\/wp-content\/uploads\/2018\/02\/BG_PNG_WHITE.png);background-attachment: scroll; background-position: bottom left;  '  data-section-bg-repeat='no-repeat'><div class='container' ><div class='template-page content  av-content-small alpha units'><div class='post-entry post-entry-type-page post-entry-2620'><div class='entry-content-wrapper clearfix'>\n<div class=\"flex_column av_one_full  flex_column_div av-zero-column-padding first  avia-builder-el-51  el_before_av_one_half  avia-builder-el-first  \" style='border-radius:0px; '><section class=\"av_textblock_section \"  itemscope=\"itemscope\" itemtype=\"https:\/\/schema.org\/CreativeWork\" ><div class='avia_textblock  av_inherit_color '  style='color:#ffffff; '  itemprop=\"text\" ><p><a name=\"page-contact-form\"><\/a><\/p>\n<h4 class=\"p1\" style=\"text-align: center;\"><span class=\"s1\"><b>KONTAKTIEREN SIE UNS<br \/>\n<\/b><\/span><\/h4>\n<\/div><\/section><\/div><div class=\"flex_column av_one_half  flex_column_div av-zero-column-padding first  avia-builder-el-53  el_after_av_one_full  el_before_av_one_half  column-top-margin\" style='border-radius:0px; '><section class=\"av_textblock_section \"  itemscope=\"itemscope\" itemtype=\"https:\/\/schema.org\/CreativeWork\" ><div class='avia_textblock  av_inherit_color '  style='color:#ffffff; '  itemprop=\"text\" ><h3>STARTEN SIE JETZT IHRE DIGITALE EXPORTSTRATEGIE<\/h3>\n<\/div><\/section><br \/>\n<div  style=' margin-top:20px; margin-bottom:20px;'  class='hr hr-custom hr-left hr-icon-no   avia-builder-el-55  el_after_av_textblock  el_before_av_textblock '><span class='hr-inner  inner-border-av-border-thin' style=' width:100%; border-color:#ffffff;' ><span class='hr-inner-style'><\/span><\/span><\/div><br \/>\n<section class=\"av_textblock_section \"  itemscope=\"itemscope\" itemtype=\"https:\/\/schema.org\/CreativeWork\" ><div class='avia_textblock  av_inherit_color '  style='color:#ffffff; '  itemprop=\"text\" ><p>Kontaktieren Sie uns f\u00fcr ein kostenloses Beratungsgespr\u00e4ch<\/p>\n<\/div><\/section><\/p><\/div><div class=\"flex_column av_one_half  flex_column_div av-zero-column-padding   avia-builder-el-57  el_after_av_one_half  avia-builder-el-last  column-top-margin\" style='border-radius:0px; '><section class=\"av_textblock_section \"  itemscope=\"itemscope\" itemtype=\"https:\/\/schema.org\/CreativeWork\" ><div class='avia_textblock  '   itemprop=\"text\" ><p style=\"text-align: center;\">\n<div class=\"wpcf7 no-js\" id=\"wpcf7-f5875-o1\" lang=\"it-IT\" dir=\"ltr\">\n<div class=\"screen-reader-response\"><p role=\"status\" aria-live=\"polite\" aria-atomic=\"true\"><\/p> <ul><\/ul><\/div>\n<form action=\"\/de\/wp-json\/wp\/v2\/pages\/2620#wpcf7-f5875-o1\" method=\"post\" class=\"wpcf7-form init\" aria-label=\"Modulo di contatto\" novalidate=\"novalidate\" data-status=\"init\">\n<div style=\"display: none;\">\n<input type=\"hidden\" name=\"_wpcf7\" value=\"5875\" \/>\n<input type=\"hidden\" name=\"_wpcf7_version\" value=\"5.8\" \/>\n<input type=\"hidden\" name=\"_wpcf7_locale\" value=\"it_IT\" \/>\n<input type=\"hidden\" name=\"_wpcf7_unit_tag\" value=\"wpcf7-f5875-o1\" \/>\n<input type=\"hidden\" name=\"_wpcf7_container_post\" value=\"0\" \/>\n<input type=\"hidden\" name=\"_wpcf7_posted_data_hash\" value=\"\" \/>\n<\/div>\n<p class=\"label-fields\">Ihr Name\n<\/p>\n<p><label><span class=\"wpcf7-form-control-wrap\" data-name=\"your-name\"><input size=\"40\" class=\"wpcf7-form-control wpcf7-text wpcf7-validates-as-required\" aria-required=\"true\" aria-invalid=\"false\" value=\"\" type=\"text\" name=\"your-name\" \/><\/span><\/label>\n<\/p>\n<p class=\"label-fields\">Ihre E-Mail-Adresse\n<\/p>\n<p><label><span class=\"wpcf7-form-control-wrap\" data-name=\"your-email\"><input size=\"40\" class=\"wpcf7-form-control wpcf7-email wpcf7-validates-as-required wpcf7-text wpcf7-validates-as-email\" aria-required=\"true\" aria-invalid=\"false\" value=\"\" type=\"email\" name=\"your-email\" \/><\/span><\/label>\n<\/p>\n<p class=\"label-fields\">Ihre Nachricht\n<\/p>\n<p><label><span class=\"wpcf7-form-control-wrap\" data-name=\"your-message\"><textarea cols=\"40\" rows=\"3\" class=\"wpcf7-form-control wpcf7-textarea wpcf7-validates-as-required\" aria-required=\"true\" aria-invalid=\"false\" name=\"your-message\"><\/textarea><\/span><\/label>\n<\/p>\n<p class=\"label-fields\"><span class=\"wpcf7-form-control-wrap\" data-name=\"acceptance-782\"><span class=\"wpcf7-form-control wpcf7-acceptance\"><span class=\"wpcf7-list-item\"><input type=\"checkbox\" name=\"acceptance-782\" value=\"1\" aria-invalid=\"false\" \/><\/span><\/span><\/span> Ich erkl\u00e4re mich mit den <a href=\"https:\/\/www.rankingroad.com\/privacy-policy\/\">Datenschutzbestimmungen<\/a> einverstanden.\n<\/p>\n<p style=\"margin-top:20px;\"><input class=\"wpcf7-form-control wpcf7-submit has-spinner\" type=\"submit\" value=\"SENDEN\" \/>\n<\/p><div class=\"wpcf7-response-output\" aria-hidden=\"true\"><\/div>\n<\/form>\n<\/div>\n<\/p>\n<\/div><\/section><\/div><\/div><\/div><\/div><!-- close content main div --><\/div><\/div><div id='after_section_7'  class='main_color av_default_container_wrap container_wrap sidebar_right' style=' '  ><div class='container' ><div class='template-page content  av-content-small alpha units'><div class='post-entry post-entry-type-page post-entry-2620'><div class='entry-content-wrapper clearfix'>\n","protected":false},"excerpt":{"rendered":"","protected":false},"author":1,"featured_media":0,"parent":2607,"menu_order":10,"comment_status":"closed","ping_status":"closed","template":"","meta":{"_mi_skip_tracking":false,"_monsterinsights_sitenote_active":false,"_monsterinsights_sitenote_note":"","_monsterinsights_sitenote_category":0},"_links":{"self":[{"href":"https:\/\/www.rankingroad.com\/de\/wp-json\/wp\/v2\/pages\/2620"}],"collection":[{"href":"https:\/\/www.rankingroad.com\/de\/wp-json\/wp\/v2\/pages"}],"about":[{"href":"https:\/\/www.rankingroad.com\/de\/wp-json\/wp\/v2\/types\/page"}],"author":[{"embeddable":true,"href":"https:\/\/www.rankingroad.com\/de\/wp-json\/wp\/v2\/users\/1"}],"replies":[{"embeddable":true,"href":"https:\/\/www.rankingroad.com\/de\/wp-json\/wp\/v2\/comments?post=2620"}],"version-history":[{"count":0,"href":"https:\/\/www.rankingroad.com\/de\/wp-json\/wp\/v2\/pages\/2620\/revisions"}],"up":[{"embeddable":true,"href":"https:\/\/www.rankingroad.com\/de\/wp-json\/wp\/v2\/pages\/2607"}],"wp:attachment":[{"href":"https:\/\/www.rankingroad.com\/de\/wp-json\/wp\/v2\/media?parent=2620"}],"curies":[{"name":"wp","href":"https:\/\/api.w.org\/{rel}","templated":true}]}}