{"id":2596,"date":"2018-06-20T16:04:06","date_gmt":"2018-06-20T16:04:06","guid":{"rendered":"https:\/\/www.rankingroad.com\/?page_id=2596"},"modified":"2022-03-16T16:34:14","modified_gmt":"2022-03-16T16:34:14","slug":"unsere-familie","status":"publish","type":"page","link":"https:\/\/www.rankingroad.com\/de\/unsere-familie\/","title":{"rendered":"UNSERE FAMILIE"},"content":{"rendered":"<div id='av_section_1'  class='avia-section main_color avia-section-default avia-no-border-styling  avia-full-stretch avia-bg-style-scroll  avia-builder-el-0  el_before_av_section  avia-builder-el-first   av-minimum-height av-minimum-height-custom  container_wrap sidebar_right' style='background-repeat: no-repeat; background-image: url(https:\/\/www.rankingroad.com\/wp-content\/uploads\/2018\/02\/HOME_BG_V3-2.jpg);background-attachment: scroll; background-position: center center;  '  data-section-bg-repeat='stretch'><div class='av-section-color-overlay-wrap'><a href='#next-section' title='' class='scroll-down-link '  aria-hidden='true' data-av_icon='\ue877' data-av_iconfont='entypo-fontello'><\/a><div class='container' style='height:350px'><main  role=\"main\" itemprop=\"mainContentOfPage\"  class='template-page content  av-content-small alpha units'><div class='post-entry post-entry-type-page post-entry-2596'><div class='entry-content-wrapper clearfix'>\n<div class=\"flex_column av_one_full  flex_column_div first  avia-builder-el-1  avia-builder-el-no-sibling  \" ><section class=\"av_textblock_section \"  itemscope=\"itemscope\" itemtype=\"https:\/\/schema.org\/CreativeWork\" ><div class='avia_textblock  av_inherit_color '  style='color:#0a0a0a; '  itemprop=\"text\" ><h1 style=\"text-align: center;\">Die Ranking Road <span style=\"color: #ff5252;\">Familie<\/span><\/h1>\n<\/div><\/section><br \/>\n<div  style=' margin-top:20px; margin-bottom:20px;'  class='hr hr-custom hr-left hr-icon-no   avia-builder-el-3  el_after_av_textblock  avia-builder-el-last '><span class='hr-inner  inner-border-av-border-fat' style=' width:0px; border-color:#ffffff;' ><span class='hr-inner-style'><\/span><\/span><\/div><\/p><\/div>\n\n<\/div><\/div><\/main><!-- close content main element --><\/div><\/div><\/div><div id='av_section_2'  class='avia-section main_color avia-section-no-padding avia-no-border-styling  avia-bg-style-scroll  avia-builder-el-4  el_after_av_section  el_before_av_section   container_wrap sidebar_right' style='background-color: #ff5252; background-repeat: no-repeat; background-image: url(https:\/\/www.rankingroad.com\/wp-content\/uploads\/2018\/04\/BG_ELEMENT_CTA-1.png);background-attachment: scroll; background-position: bottom center;  '  data-section-bg-repeat='no-repeat'><div class='container' ><div class='template-page content  av-content-small alpha units'><div class='post-entry post-entry-type-page post-entry-2596'><div class='entry-content-wrapper clearfix'>\n<div class='flex_column_table av-equal-height-column-flextable -flextable' ><div class=\"flex_column av_three_fourth  flex_column_table_cell av-equal-height-column av-align-middle av-zero-column-padding first  avia-builder-el-5  el_before_av_one_fourth  avia-builder-el-first  \" style='border-radius:0px; '><p><div  style=' margin-top:2px; margin-bottom:5px;'  class='hr hr-custom hr-left hr-icon-no   avia-builder-el-6  el_before_av_textblock  avia-builder-el-first '><span class='hr-inner  inner-border-av-border-fat' style=' width:0px; border-color:#ffffff;' ><span class='hr-inner-style'><\/span><\/span><\/div><br \/>\n<section class=\"av_textblock_section \"  itemscope=\"itemscope\" itemtype=\"https:\/\/schema.org\/CreativeWork\" ><div class='avia_textblock  av_inherit_color '  style='color:#ffffff; '  itemprop=\"text\" ><h6>Starten Sie jetzt Ihre digitale Exportstrategie<\/h6>\n<\/div><\/section><br \/>\n<section class=\"av_textblock_section \"  itemscope=\"itemscope\" itemtype=\"https:\/\/schema.org\/CreativeWork\" ><div class='avia_textblock  av_inherit_color '  style='font-size:23px; color:#ffffff; '  itemprop=\"text\" ><p>Kontaktieren Sie uns f\u00fcr ein kostenloses Beratungsgespr\u00e4ch<\/p>\n<\/div><\/section><\/p><\/div><div class='av-flex-placeholder'><\/div><div class=\"flex_column av_one_fourth  flex_column_table_cell av-equal-height-column av-align-middle av-zero-column-padding   avia-builder-el-9  el_after_av_three_fourth  avia-builder-el-last  \" style='border-radius:0px; '><div  class='avia-button-wrap avia-button-left  avia-builder-el-10  avia-builder-el-no-sibling ' ><a href='#page-contact-form'  class='avia-button   avia-icon_select-no avia-size-large avia-position-left '  style='background-color:#ffffff; border-color:#ffffff; color:#333333; ' ><span class='avia_iconbox_title' >JETZT KONTAKTIEREN<\/span><\/a><\/div><\/div><\/div><!--close column table wrapper. Autoclose: 1 -->\n\n<\/div><\/div><\/div><!-- close content main div --><\/div><\/div><div id='av_section_3'  class='avia-section main_color avia-section-default avia-no-border-styling  avia-bg-style-scroll  avia-builder-el-11  el_after_av_section  el_before_av_section   container_wrap sidebar_right' style='background-color: #000000; background-repeat: no-repeat; background-image: url(https:\/\/www.rankingroad.com\/wp-content\/uploads\/2018\/04\/MAPPA-Locations.png);background-attachment: scroll; background-position: top right;  '  data-section-bg-repeat='no-repeat'><div class='container' ><div class='template-page content  av-content-small alpha units'><div class='post-entry post-entry-type-page post-entry-2596'><div class='entry-content-wrapper clearfix'>\n<div class=\"flex_column av_one_full  flex_column_div av-zero-column-padding first  avia-builder-el-12  el_before_av_one_third  avia-builder-el-first  \" style='border-radius:0px; '><section class=\"av_textblock_section \"  itemscope=\"itemscope\" itemtype=\"https:\/\/schema.org\/CreativeWork\" ><div class='avia_textblock  av_inherit_color '  style='color:#ffffff; '  itemprop=\"text\" ><h2 style=\"text-align: left;\">Eine Familie, die sich \u00fcber ganz\u00a0<span style=\"color: #008aa9;\"><br \/>\nEuropa verteilt<\/span><\/h2>\n<\/div><\/section><br \/>\n<div  style=' margin-top:10px; margin-bottom:10px;'  class='hr hr-custom hr-left hr-icon-no   avia-builder-el-14  el_after_av_textblock  el_before_av_textblock '><span class='hr-inner  inner-border-av-border-fat' style=' width:0px; border-color:#ffffff;' ><span class='hr-inner-style'><\/span><\/span><\/div><br \/>\n<section class=\"av_textblock_section \"  itemscope=\"itemscope\" itemtype=\"https:\/\/schema.org\/CreativeWork\" ><div class='avia_textblock  av_inherit_color '  style='color:#ffffff; '  itemprop=\"text\" ><p>Unsere Partneragenturen sind in ganz Europa pr\u00e4sent. Wir helfen Ihrem Unternehmen, europaweit zu wachsen.<br \/>\nIn den folgenden L\u00e4ndern ist Ranking Road zuhause:<\/p>\n<\/div><\/section><\/p><\/div><div class=\"flex_column av_one_third  flex_column_div av-zero-column-padding first  avia-builder-el-16  el_after_av_one_full  avia-builder-el-last  column-top-margin\" style='border-radius:0px; '><section class=\"av_textblock_section \"  itemscope=\"itemscope\" itemtype=\"https:\/\/schema.org\/CreativeWork\" ><div class='avia_textblock  av_inherit_color '  style='color:#000000; '  itemprop=\"text\" ><h4 style=\"text-align: left;\"><strong><span style=\"color: #ff5252;\">DEUTSCHLAND<\/span><\/strong><\/h4>\n<\/div><\/section><br \/>\n<section class=\"av_textblock_section \"  itemscope=\"itemscope\" itemtype=\"https:\/\/schema.org\/CreativeWork\" ><div class='avia_textblock  av_inherit_color '  style='color:#000000; '  itemprop=\"text\" ><h4 style=\"text-align: left;\"><strong><span style=\"color: #ff5252;\">ITALIEN<\/span><\/strong><\/h4>\n<\/div><\/section><br \/>\n<section class=\"av_textblock_section \"  itemscope=\"itemscope\" itemtype=\"https:\/\/schema.org\/CreativeWork\" ><div class='avia_textblock  av_inherit_color '  style='color:#000000; '  itemprop=\"text\" ><h4 style=\"text-align: left;\"><strong><span style=\"color: #ff5252;\">VEREINIGTES K\u00d6NIGREICH<br \/>\n<\/span><\/strong><\/h4>\n<\/div><\/section><br \/>\n<section class=\"av_textblock_section \"  itemscope=\"itemscope\" itemtype=\"https:\/\/schema.org\/CreativeWork\" ><div class='avia_textblock  av_inherit_color '  style='color:#000000; '  itemprop=\"text\" ><h4 style=\"text-align: left;\"><strong><span style=\"color: #ff5252;\">FRANKREICH<\/span><\/strong><\/h4>\n<\/div><\/section><br \/>\n<section class=\"av_textblock_section \"  itemscope=\"itemscope\" itemtype=\"https:\/\/schema.org\/CreativeWork\" ><div class='avia_textblock  av_inherit_color '  style='color:#000000; '  itemprop=\"text\" ><h4 style=\"text-align: left;\"><strong><span style=\"color: #ff5252;\">SPANIEN<\/span><\/strong><\/h4>\n<\/div><\/section><\/p><\/div>\n\n<\/div><\/div><\/div><!-- close content main div --><\/div><\/div><div id='av_section_4'  class='avia-section main_color avia-section-default avia-no-border-styling  avia-bg-style-scroll  avia-builder-el-22  el_after_av_section  el_before_av_section   container_wrap sidebar_right' style='background-color: #008aa9;  '  ><div class='container' ><div class='template-page content  av-content-small alpha units'><div class='post-entry post-entry-type-page post-entry-2596'><div class='entry-content-wrapper clearfix'>\n<div class='flex_column_table av-equal-height-column-flextable -flextable' ><div class=\"flex_column av_one_full  flex_column_table_cell av-equal-height-column av-align-top av-zero-column-padding first  avia-builder-el-23  el_before_av_hr  avia-builder-el-first  \" style='border-radius:0px; '><section class=\"av_textblock_section \"  itemscope=\"itemscope\" itemtype=\"https:\/\/schema.org\/CreativeWork\" ><div class='avia_textblock  av_inherit_color '  style='color:#ffffff; '  itemprop=\"text\" ><h3 style=\"text-align: center;\"><strong>ZAHLEN, DIE Z\u00c4HLEN<br \/>\n<\/strong><\/h3>\n<\/div><\/section><br \/>\n<div  style=' margin-top:10px; margin-bottom:10px;'  class='hr hr-custom hr-left hr-icon-no   avia-builder-el-25  el_after_av_textblock  el_before_av_textblock '><span class='hr-inner  inner-border-av-border-fat' style=' width:0px; border-color:#ffffff;' ><span class='hr-inner-style'><\/span><\/span><\/div><br \/>\n<section class=\"av_textblock_section \"  itemscope=\"itemscope\" itemtype=\"https:\/\/schema.org\/CreativeWork\" ><div class='avia_textblock  av_inherit_color '  style='color:#ffffff; '  itemprop=\"text\" ><p><strong>Zahlen sind wichtig und sprechen f\u00fcr sich<\/strong> \u2013 unsere Mitarbeiter, die zahlreichen Sprachen, die regionalen B\u00fcros, kombiniert mit den langj\u00e4hrigen Erfahrungen \u2013 all das steht Ihnen zur Verf\u00fcgung. Wir sind eine Gro\u00dffamilie aus Experten und unser spezielles Wissen erstreckt sich \u00fcber ganz Europa.<\/p>\n<p>Das aktuelle Netzwerk besteht aus <strong>Spezialisten, die \u00fcber langj\u00e4hrige Erfahrung verf\u00fcgen<\/strong> und deren technische F\u00e4higkeiten sowie Methoden <strong>die eigentliche St\u00e4rke<\/strong> der <strong>Ranking Road-Familie sind<\/strong>.<\/p>\n<\/div><\/section><\/p><\/div><\/div><!--close column table wrapper. Autoclose: 1 --><div  style=' margin-top:20px; margin-bottom:20px;'  class='hr hr-custom hr-left hr-icon-no   avia-builder-el-27  el_after_av_one_full  el_before_av_one_third '><span class='hr-inner  inner-border-av-border-fat' style=' width:0px; border-color:#ffffff;' ><span class='hr-inner-style'><\/span><\/span><\/div>\n<div class='flex_column_table av-equal-height-column-flextable -flextable' ><div class=\"flex_column av_one_third  flex_column_table_cell av-equal-height-column av-align-top av-zero-column-padding first  avia-builder-el-28  el_after_av_hr  el_before_av_one_third  \" style='border-radius:0px; '><div  class=\"avia-animated-number av-force-default-color  avia-color-font-custom  avia-builder-el-29  avia-builder-el-no-sibling  avia_animate_when_visible\" style='color:#ff5252;' data-timer=\"3000\"><strong class=\"heading avia-animated-number-title\" style='font-size:66px;'><span class=\"avia-single-number __av-single-number\" data-number_format=\"\" data-number=\"8\" data-start_from=\"0\">8<\/span><\/strong><div class='avia-animated-number-content' style='font-size:30px;'><p>NIEDERLASSUNGEN<\/p>\n<\/div><\/div><\/div><div class='av-flex-placeholder'><\/div><div class=\"flex_column av_one_third  flex_column_table_cell av-equal-height-column av-align-top av-zero-column-padding   avia-builder-el-30  el_after_av_one_third  el_before_av_one_third  \" style='border-radius:0px; '><div  class=\"avia-animated-number av-force-default-color  avia-color-font-custom  avia-builder-el-31  avia-builder-el-no-sibling  avia_animate_when_visible\" style='color:#ff5252;' data-timer=\"3000\"><strong class=\"heading avia-animated-number-title\" style='font-size:66px;'><span class=\"avia-single-number __av-single-number\" data-number_format=\"\" data-number=\"200\" data-start_from=\"0\">200<\/span><\/strong><div class='avia-animated-number-content' style='font-size:30px;'><p>MITARBEITER<\/p>\n<\/div><\/div><\/div><div class='av-flex-placeholder'><\/div><div class=\"flex_column av_one_third  flex_column_table_cell av-equal-height-column av-align-top av-zero-column-padding   avia-builder-el-32  el_after_av_one_third  avia-builder-el-last  \" style='border-radius:0px; '><div  class=\"avia-animated-number av-force-default-color  avia-color-font-custom  avia-builder-el-33  avia-builder-el-no-sibling  avia_animate_when_visible\" style='color:#ff5252;' data-timer=\"3000\"><strong class=\"heading avia-animated-number-title\" style='font-size:66px;'><span class=\"avia-single-number __av-single-number\" data-number_format=\"\" data-number=\"1417\" data-start_from=\"0\">1417<\/span><\/strong><div class='avia-animated-number-content' style='font-size:30px;'><p>JAHRE AN<br \/>\nERFAHRUNGEN<\/p>\n<\/div><\/div><\/div><\/div><!--close column table wrapper. Autoclose: 1 -->\n\n<\/div><\/div><\/div><!-- close content main div --><\/div><\/div><div id='av_section_5'  class='avia-section main_color avia-section-default avia-no-border-styling  avia-bg-style-scroll  avia-builder-el-34  el_after_av_section  el_before_av_section   container_wrap sidebar_right' style='background-color: #a4a710;  '  ><div class='container' ><div class='template-page content  av-content-small alpha units'><div class='post-entry post-entry-type-page post-entry-2596'><div class='entry-content-wrapper clearfix'>\n<div class=\"flex_column av_one_full  flex_column_div av-zero-column-padding first  avia-builder-el-35  avia-builder-el-no-sibling  \" style='border-radius:0px; '><section class=\"av_textblock_section \"  itemscope=\"itemscope\" itemtype=\"https:\/\/schema.org\/CreativeWork\" ><div class='avia_textblock  av_inherit_color '  style='color:#ffffff; '  itemprop=\"text\" ><h3 class=\"p1\" style=\"text-align: center;\"><span class=\"s1\"><b>ZERTIFIZIERUNGEN<\/b><\/span><\/h3>\n<\/div><\/section><br \/>\n<div  style=' margin-top:20px; margin-bottom:20px;'  class='hr hr-custom hr-left hr-icon-no   avia-builder-el-37  el_after_av_textblock  el_before_av_partner '><span class='hr-inner  inner-border-av-border-fat' style=' width:0px; border-color:#ffffff;' ><span class='hr-inner-style'><\/span><\/span><\/div><br \/>\n<div   data-autoplay='false'  data-interval='5'  data-animation='slide'  class='avia-logo-element-container av-border-deactivate avia-logo-slider avia-content-slider avia-smallarrow-slider avia-content-slider-active noHover avia-content-slider1 avia-content-slider-even  avia-builder-el-38  el_after_av_hr  avia-builder-el-last  ' ><div class='avia-smallarrow-slider-heading  no-logo-slider-navigation  no-logo-slider-heading '><\/div><div class='avia-content-slider-inner'><div class='slide-entry-wrap' ><div  class='slide-entry flex_column no_margin post-entry slide-entry-overview slide-loop-1 slide-parity-odd  av_one_fourth first real-thumbnail'><span class='av-partner-fake-img' style='padding-bottom:46.641791044776%; background-image:url(https:\/\/www.rankingroad.com\/wp-content\/uploads\/2018\/04\/00004.png);'><\/span><\/div><div  class='slide-entry flex_column no_margin post-entry slide-entry-overview slide-loop-2 slide-parity-even  av_one_fourth  real-thumbnail'><span class='av-partner-fake-img' style='padding-bottom:46.641791044776%; background-image:url(https:\/\/www.rankingroad.com\/wp-content\/uploads\/2018\/04\/0003.png);'><\/span><\/div><div  class='slide-entry flex_column no_margin post-entry slide-entry-overview slide-loop-3 slide-parity-odd  av_one_fourth  real-thumbnail'><span class='av-partner-fake-img' style='padding-bottom:46.641791044776%; background-image:url(https:\/\/www.rankingroad.com\/wp-content\/uploads\/2018\/04\/0002.png);'><\/span><\/div><div  class='slide-entry flex_column no_margin post-entry slide-entry-overview slide-loop-4 slide-parity-even  post-entry-last  av_one_fourth  real-thumbnail'><span class='av-partner-fake-img' style='padding-bottom:46.641791044776%; background-image:url(https:\/\/www.rankingroad.com\/wp-content\/uploads\/2018\/04\/0001-AMAZ.png);'><\/span><\/div><\/div><\/div><\/div><\/p><\/div>\n\n<\/div><\/div><\/div><!-- close content main div --><\/div><\/div><div id='av_section_6'  class='avia-section main_color avia-section-default avia-no-border-styling  avia-bg-style-scroll  avia-builder-el-39  el_after_av_section  avia-builder-el-last   container_wrap sidebar_right' style='background-color: #000000; background-repeat: no-repeat; background-image: url(https:\/\/www.rankingroad.com\/wp-content\/uploads\/2018\/02\/BG_PNG_WHITE.png);background-attachment: scroll; background-position: bottom left;  '  data-section-bg-repeat='no-repeat'><div class='container' ><div class='template-page content  av-content-small alpha units'><div class='post-entry post-entry-type-page post-entry-2596'><div class='entry-content-wrapper clearfix'>\n<div class=\"flex_column av_one_full  flex_column_div av-zero-column-padding first  avia-builder-el-40  el_before_av_one_half  avia-builder-el-first  \" style='border-radius:0px; '><section class=\"av_textblock_section \"  itemscope=\"itemscope\" itemtype=\"https:\/\/schema.org\/CreativeWork\" ><div class='avia_textblock  av_inherit_color '  style='color:#ffffff; '  itemprop=\"text\" ><p><a name=\"page-contact-form\"><\/a><\/p>\n<h4 class=\"p1\" style=\"text-align: center;\"><span class=\"s1\"><b>KONTAKT<br \/>\n<\/b><\/span><\/h4>\n<\/div><\/section><\/div><div class=\"flex_column av_one_half  flex_column_div av-zero-column-padding first  avia-builder-el-42  el_after_av_one_full  el_before_av_one_half  column-top-margin\" style='border-radius:0px; '><section class=\"av_textblock_section \"  itemscope=\"itemscope\" itemtype=\"https:\/\/schema.org\/CreativeWork\" ><div class='avia_textblock  av_inherit_color '  style='color:#ffffff; '  itemprop=\"text\" ><h6 class=\"p1\" style=\"text-align: left;\">Starten Sie jetzt Ihre digitale Exportstrategie<\/h6>\n<\/div><\/section><br \/>\n<div  style=' margin-top:20px; margin-bottom:20px;'  class='hr hr-custom hr-left hr-icon-no   avia-builder-el-44  el_after_av_textblock  el_before_av_textblock '><span class='hr-inner  inner-border-av-border-thin' style=' width:100%; border-color:#ffffff;' ><span class='hr-inner-style'><\/span><\/span><\/div><br \/>\n<section class=\"av_textblock_section \"  itemscope=\"itemscope\" itemtype=\"https:\/\/schema.org\/CreativeWork\" ><div class='avia_textblock  av_inherit_color '  style='color:#ffffff; '  itemprop=\"text\" ><p>Kontaktieren Sie uns f\u00fcr ein kostenloses Beratungsgespr\u00e4ch<\/p>\n<\/div><\/section><\/p><\/div><div class=\"flex_column av_one_half  flex_column_div av-zero-column-padding   avia-builder-el-46  el_after_av_one_half  avia-builder-el-last  column-top-margin\" style='border-radius:0px; '><section class=\"av_textblock_section \"  itemscope=\"itemscope\" itemtype=\"https:\/\/schema.org\/CreativeWork\" ><div class='avia_textblock  '   itemprop=\"text\" ><p style=\"text-align: center;\">\n<div class=\"wpcf7 no-js\" id=\"wpcf7-f5875-o1\" lang=\"it-IT\" dir=\"ltr\">\n<div class=\"screen-reader-response\"><p role=\"status\" aria-live=\"polite\" aria-atomic=\"true\"><\/p> <ul><\/ul><\/div>\n<form action=\"\/de\/wp-json\/wp\/v2\/pages\/2596#wpcf7-f5875-o1\" method=\"post\" class=\"wpcf7-form init\" aria-label=\"Modulo di contatto\" novalidate=\"novalidate\" data-status=\"init\">\n<div style=\"display: none;\">\n<input type=\"hidden\" name=\"_wpcf7\" value=\"5875\" \/>\n<input type=\"hidden\" name=\"_wpcf7_version\" value=\"5.8\" \/>\n<input type=\"hidden\" name=\"_wpcf7_locale\" value=\"it_IT\" \/>\n<input type=\"hidden\" name=\"_wpcf7_unit_tag\" value=\"wpcf7-f5875-o1\" \/>\n<input type=\"hidden\" name=\"_wpcf7_container_post\" value=\"0\" \/>\n<input type=\"hidden\" name=\"_wpcf7_posted_data_hash\" value=\"\" \/>\n<\/div>\n<p class=\"label-fields\">Ihr Name\n<\/p>\n<p><label><span class=\"wpcf7-form-control-wrap\" data-name=\"your-name\"><input size=\"40\" class=\"wpcf7-form-control wpcf7-text wpcf7-validates-as-required\" aria-required=\"true\" aria-invalid=\"false\" value=\"\" type=\"text\" name=\"your-name\" \/><\/span><\/label>\n<\/p>\n<p class=\"label-fields\">Ihre E-Mail-Adresse\n<\/p>\n<p><label><span class=\"wpcf7-form-control-wrap\" data-name=\"your-email\"><input size=\"40\" class=\"wpcf7-form-control wpcf7-email wpcf7-validates-as-required wpcf7-text wpcf7-validates-as-email\" aria-required=\"true\" aria-invalid=\"false\" value=\"\" type=\"email\" name=\"your-email\" \/><\/span><\/label>\n<\/p>\n<p class=\"label-fields\">Ihre Nachricht\n<\/p>\n<p><label><span class=\"wpcf7-form-control-wrap\" data-name=\"your-message\"><textarea cols=\"40\" rows=\"3\" class=\"wpcf7-form-control wpcf7-textarea wpcf7-validates-as-required\" aria-required=\"true\" aria-invalid=\"false\" name=\"your-message\"><\/textarea><\/span><\/label>\n<\/p>\n<p class=\"label-fields\"><span class=\"wpcf7-form-control-wrap\" data-name=\"acceptance-782\"><span class=\"wpcf7-form-control wpcf7-acceptance\"><span class=\"wpcf7-list-item\"><input type=\"checkbox\" name=\"acceptance-782\" value=\"1\" aria-invalid=\"false\" \/><\/span><\/span><\/span> Ich erkl\u00e4re mich mit den <a href=\"https:\/\/www.rankingroad.com\/privacy-policy\/\">Datenschutzbestimmungen<\/a> einverstanden.\n<\/p>\n<p style=\"margin-top:20px;\"><input class=\"wpcf7-form-control wpcf7-submit has-spinner\" type=\"submit\" value=\"SENDEN\" \/>\n<\/p><div class=\"wpcf7-response-output\" aria-hidden=\"true\"><\/div>\n<\/form>\n<\/div>\n<\/p>\n<\/div><\/section><\/div><\/div><\/div><\/div><!-- close content main div --><\/div><\/div><div id='after_section_6'  class='main_color av_default_container_wrap container_wrap sidebar_right' style=' '  ><div class='container' ><div class='template-page content  av-content-small alpha units'><div class='post-entry post-entry-type-page post-entry-2596'><div class='entry-content-wrapper clearfix'>\n","protected":false},"excerpt":{"rendered":"","protected":false},"author":1,"featured_media":0,"parent":0,"menu_order":30,"comment_status":"open","ping_status":"closed","template":"","meta":{"_mi_skip_tracking":false,"_monsterinsights_sitenote_active":false,"_monsterinsights_sitenote_note":"","_monsterinsights_sitenote_category":0},"_links":{"self":[{"href":"https:\/\/www.rankingroad.com\/de\/wp-json\/wp\/v2\/pages\/2596"}],"collection":[{"href":"https:\/\/www.rankingroad.com\/de\/wp-json\/wp\/v2\/pages"}],"about":[{"href":"https:\/\/www.rankingroad.com\/de\/wp-json\/wp\/v2\/types\/page"}],"author":[{"embeddable":true,"href":"https:\/\/www.rankingroad.com\/de\/wp-json\/wp\/v2\/users\/1"}],"replies":[{"embeddable":true,"href":"https:\/\/www.rankingroad.com\/de\/wp-json\/wp\/v2\/comments?post=2596"}],"version-history":[{"count":0,"href":"https:\/\/www.rankingroad.com\/de\/wp-json\/wp\/v2\/pages\/2596\/revisions"}],"wp:attachment":[{"href":"https:\/\/www.rankingroad.com\/de\/wp-json\/wp\/v2\/media?parent=2596"}],"curies":[{"name":"wp","href":"https:\/\/api.w.org\/{rel}","templated":true}]}}